{"id":6036,"date":"2023-07-21T13:31:01","date_gmt":"2023-07-21T11:31:01","guid":{"rendered":"https:\/\/www.substrate-consulting.com\/actualites\/"},"modified":"2023-08-31T19:09:49","modified_gmt":"2023-08-31T17:09:49","slug":"actualites","status":"publish","type":"page","link":"https:\/\/www.substrate-consulting.com\/fr\/actualites\/","title":{"rendered":"Actualit\u00e9s"},"content":{"rendered":"\t\t<div data-elementor-type=\"wp-page\" data-elementor-id=\"6036\" class=\"elementor elementor-6036 elementor-5969\">\n\t\t\t\t\t\t<section class=\"elementor-section elementor-top-section elementor-element elementor-element-5a32c02 elementor-section-full_width elementor-section-height-default elementor-section-height-default wpr-particle-no wpr-jarallax-no wpr-parallax-no wpr-sticky-section-no wpr-equal-height-no\" data-id=\"5a32c02\" data-element_type=\"section\" data-e-type=\"section\">\n\t\t\t\t\t\t<div class=\"elementor-container elementor-column-gap-default\">\n\t\t\t\t\t<div class=\"elementor-column elementor-col-100 elementor-top-column elementor-element elementor-element-08f81f0\" data-id=\"08f81f0\" data-element_type=\"column\" data-e-type=\"column\">\n\t\t\t<div class=\"elementor-widget-wrap elementor-element-populated\">\n\t\t\t\t\t\t<div class=\"elementor-element elementor-element-e515749 elementor-grid-eael-col-5 elementor-grid-tablet-eael-col-2 elementor-grid-mobile-eael-col-1 elementor-widget elementor-widget-eael-post-grid\" data-id=\"e515749\" data-element_type=\"widget\" data-e-type=\"widget\" data-settings=\"{&quot;eael_post_grid_columns&quot;:&quot;eael-col-5&quot;,&quot;eael_post_grid_columns_tablet&quot;:&quot;eael-col-2&quot;,&quot;eael_post_grid_columns_mobile&quot;:&quot;eael-col-1&quot;}\" data-widget_type=\"eael-post-grid.default\">\n\t\t\t\t<div class=\"elementor-widget-container\">\n\t\t\t\t\t<div id=\"eael-post-grid-e515749\" class=\"eael-post-grid-container\">\n            <div class=\"eael-post-grid eael-post-appender eael-post-appender-e515749 eael-post-grid-style-one\" data-layout-mode=\"masonry\"><article class=\"eael-grid-post  eael-post-grid-column eael-pg-post-6143 category-actualites\" data-id=\"6143\">\n        <div class=\"eael-grid-post-holder\">\n            <div class=\"eael-grid-post-holder-inner\"><div class=\"eael-entry-media\"><div class=\"eael-entry-overlay fade-in\"><i class=\"fas fa-long-arrow-alt-right\" aria-hidden=\"true\"><\/i><a href=\"https:\/\/www.substrate-consulting.com\/fr\/quest-ce-quune-bonne-structure-pour-un-substrat\/\"><\/a><\/div><div class=\"eael-entry-thumbnail \">\n                <img fetchpriority=\"high\" decoding=\"async\" width=\"300\" height=\"225\" src=\"https:\/\/www.substrate-consulting.com\/wp-content\/uploads\/221120121108-2-300x225.jpg\" class=\"attachment-medium size-medium wp-image-5370\" alt=\"Coco\" srcset=\"https:\/\/www.substrate-consulting.com\/wp-content\/uploads\/221120121108-2-300x225.jpg 300w, https:\/\/www.substrate-consulting.com\/wp-content\/uploads\/221120121108-2-1024x768.jpg 1024w, https:\/\/www.substrate-consulting.com\/wp-content\/uploads\/221120121108-2-768x576.jpg 768w, https:\/\/www.substrate-consulting.com\/wp-content\/uploads\/221120121108-2-1536x1152.jpg 1536w, https:\/\/www.substrate-consulting.com\/wp-content\/uploads\/221120121108-2-2048x1536.jpg 2048w\" sizes=\"(max-width: 300px) 100vw, 300px\" \/>\n            <\/div>\n        <\/div><div class=\"eael-entry-wrapper\"><header class=\"eael-entry-header\"><h2 class=\"eael-entry-title\"><a class=\"eael-grid-post-link\" href=\"https:\/\/www.substrate-consulting.com\/fr\/quest-ce-quune-bonne-structure-pour-un-substrat\/\" title=\"Qu&rsquo;est-ce qu&rsquo;une bonne structure pour un substrat ?\">Qu&rsquo;est-ce qu&rsquo;une bonne structure pour un substrat ?<\/a><\/h2><\/header><div class=\"eael-entry-content\">\n                        <div class=\"eael-grid-post-excerpt\"><p>On m&rsquo;a demand\u00e9 : \u00ab\u00a0Comment puis-je am\u00e9liorer la structure de...<\/p><a href=\"https:\/\/www.substrate-consulting.com\/fr\/quest-ce-quune-bonne-structure-pour-un-substrat\/\" class=\"eael-post-elements-readmore-btn\">En savoir plus<\/a><\/div>\n                    <\/div><div class=\"eael-entry-footer\"><div class=\"eael-entry-meta\"><\/div><\/div><\/div><\/div>\n        <\/div>\n    <\/article><article class=\"eael-grid-post  eael-post-grid-column eael-pg-post-6096 category-actualites\" data-id=\"6096\">\n        <div class=\"eael-grid-post-holder\">\n            <div class=\"eael-grid-post-holder-inner\"><div class=\"eael-entry-media\"><div class=\"eael-entry-overlay fade-in\"><i class=\"fas fa-long-arrow-alt-right\" aria-hidden=\"true\"><\/i><a href=\"https:\/\/www.substrate-consulting.com\/fr\/reduction-du-volume-pendant-le-processus-de-rempotage\/\"><\/a><\/div><div class=\"eael-entry-thumbnail \">\n                <img decoding=\"async\" width=\"226\" height=\"233\" src=\"https:\/\/www.substrate-consulting.com\/wp-content\/uploads\/ws-calculator.png\" class=\"attachment-medium size-medium wp-image-6094\" alt=\"\" srcset=\"https:\/\/www.substrate-consulting.com\/wp-content\/uploads\/ws-calculator.png 226w, https:\/\/www.substrate-consulting.com\/wp-content\/uploads\/ws-calculator-73x75.png 73w, https:\/\/www.substrate-consulting.com\/wp-content\/uploads\/ws-calculator-36x36.png 36w, https:\/\/www.substrate-consulting.com\/wp-content\/uploads\/ws-calculator-48x48.png 48w\" sizes=\"(max-width: 226px) 100vw, 226px\" \/>\n            <\/div>\n        <\/div><div class=\"eael-entry-wrapper\"><header class=\"eael-entry-header\"><h2 class=\"eael-entry-title\"><a class=\"eael-grid-post-link\" href=\"https:\/\/www.substrate-consulting.com\/fr\/reduction-du-volume-pendant-le-processus-de-rempotage\/\" title=\"R\u00e9duction du volume pendant le processus de rempotage\">R\u00e9duction du volume pendant le processus de rempotage<\/a><\/h2><\/header><div class=\"eael-entry-content\">\n                        <div class=\"eael-grid-post-excerpt\"><p>La mesure du volume est un sujet de discussion tant...<\/p><a href=\"https:\/\/www.substrate-consulting.com\/fr\/reduction-du-volume-pendant-le-processus-de-rempotage\/\" class=\"eael-post-elements-readmore-btn\">En savoir plus<\/a><\/div>\n                    <\/div><div class=\"eael-entry-footer\"><div class=\"eael-entry-meta\"><\/div><\/div><\/div><\/div>\n        <\/div>\n    <\/article><article class=\"eael-grid-post  eael-post-grid-column eael-pg-post-6089 category-actualites\" data-id=\"6089\">\n        <div class=\"eael-grid-post-holder\">\n            <div class=\"eael-grid-post-holder-inner\"><div class=\"eael-entry-media\"><div class=\"eael-entry-overlay fade-in\"><i class=\"fas fa-long-arrow-alt-right\" aria-hidden=\"true\"><\/i><a href=\"https:\/\/www.substrate-consulting.com\/fr\/stabilite-du-ph-dans-les-melanges-avec-moins-de-tourbe\/\"><\/a><\/div><div class=\"eael-entry-thumbnail \">\n                <img decoding=\"async\" width=\"292\" height=\"300\" src=\"https:\/\/www.substrate-consulting.com\/wp-content\/uploads\/ph-lijst-292x300.png\" class=\"attachment-medium size-medium wp-image-6088\" alt=\"\" srcset=\"https:\/\/www.substrate-consulting.com\/wp-content\/uploads\/ph-lijst-292x300.png 292w, https:\/\/www.substrate-consulting.com\/wp-content\/uploads\/ph-lijst-73x75.png 73w, https:\/\/www.substrate-consulting.com\/wp-content\/uploads\/ph-lijst-36x36.png 36w, https:\/\/www.substrate-consulting.com\/wp-content\/uploads\/ph-lijst-48x48.png 48w, https:\/\/www.substrate-consulting.com\/wp-content\/uploads\/ph-lijst.png 383w\" sizes=\"(max-width: 292px) 100vw, 292px\" \/>\n            <\/div>\n        <\/div><div class=\"eael-entry-wrapper\"><header class=\"eael-entry-header\"><h2 class=\"eael-entry-title\"><a class=\"eael-grid-post-link\" href=\"https:\/\/www.substrate-consulting.com\/fr\/stabilite-du-ph-dans-les-melanges-avec-moins-de-tourbe\/\" title=\"Stabilit\u00e9 du pH dans les m\u00e9langes avec moins de tourbe\">Stabilit\u00e9 du pH dans les m\u00e9langes avec moins de tourbe<\/a><\/h2><\/header><div class=\"eael-entry-content\">\n                        <div class=\"eael-grid-post-excerpt\"><p>On me demande de plus en plus comment il est...<\/p><a href=\"https:\/\/www.substrate-consulting.com\/fr\/stabilite-du-ph-dans-les-melanges-avec-moins-de-tourbe\/\" class=\"eael-post-elements-readmore-btn\">En savoir plus<\/a><\/div>\n                    <\/div><div class=\"eael-entry-footer\"><div class=\"eael-entry-meta\"><\/div><\/div><\/div><\/div>\n        <\/div>\n    <\/article><article class=\"eael-grid-post  eael-post-grid-column eael-pg-post-6128 category-actualites\" data-id=\"6128\">\n        <div class=\"eael-grid-post-holder\">\n            <div class=\"eael-grid-post-holder-inner\"><div class=\"eael-entry-media\"><div class=\"eael-entry-overlay fade-in\"><i class=\"fas fa-long-arrow-alt-right\" aria-hidden=\"true\"><\/i><a href=\"https:\/\/www.substrate-consulting.com\/fr\/testimonial\/\"><\/a><\/div><div class=\"eael-entry-thumbnail \">\n                <img loading=\"lazy\" decoding=\"async\" width=\"300\" height=\"153\" src=\"https:\/\/www.substrate-consulting.com\/wp-content\/uploads\/ISC-ovaal-300x153.png\" class=\"attachment-medium size-medium wp-image-4580\" alt=\"ISC Logo Ovaal\" srcset=\"https:\/\/www.substrate-consulting.com\/wp-content\/uploads\/ISC-ovaal-300x153.png 300w, https:\/\/www.substrate-consulting.com\/wp-content\/uploads\/ISC-ovaal-1024x524.png 1024w, https:\/\/www.substrate-consulting.com\/wp-content\/uploads\/ISC-ovaal-768x393.png 768w, https:\/\/www.substrate-consulting.com\/wp-content\/uploads\/ISC-ovaal.png 1463w\" sizes=\"(max-width: 300px) 100vw, 300px\" \/>\n            <\/div>\n        <\/div><div class=\"eael-entry-wrapper\"><header class=\"eael-entry-header\"><h2 class=\"eael-entry-title\"><a class=\"eael-grid-post-link\" href=\"https:\/\/www.substrate-consulting.com\/fr\/testimonial\/\" title=\"Testimonial\">Testimonial<\/a><\/h2><\/header><div class=\"eael-entry-content\">\n                        <div class=\"eael-grid-post-excerpt\"><p><\/p><a href=\"https:\/\/www.substrate-consulting.com\/fr\/testimonial\/\" class=\"eael-post-elements-readmore-btn\">En savoir plus<\/a><\/div>\n                    <\/div><div class=\"eael-entry-footer\"><div class=\"eael-entry-meta\"><\/div><\/div><\/div><\/div>\n        <\/div>\n    <\/article><article class=\"eael-grid-post  eael-post-grid-column eael-pg-post-6119 category-actualites\" data-id=\"6119\">\n        <div class=\"eael-grid-post-holder\">\n            <div class=\"eael-grid-post-holder-inner\"><div class=\"eael-entry-media\"><div class=\"eael-entry-overlay fade-in\"><i class=\"fas fa-long-arrow-alt-right\" aria-hidden=\"true\"><\/i><a href=\"https:\/\/www.substrate-consulting.com\/fr\/agent-mouillant\/\"><\/a><\/div><div class=\"eael-entry-thumbnail \">\n                <img loading=\"lazy\" decoding=\"async\" width=\"300\" height=\"114\" src=\"https:\/\/www.substrate-consulting.com\/wp-content\/uploads\/Wetting-Agent-Post-300x114.png\" class=\"attachment-medium size-medium wp-image-6017\" alt=\"\" srcset=\"https:\/\/www.substrate-consulting.com\/wp-content\/uploads\/Wetting-Agent-Post-300x114.png 300w, https:\/\/www.substrate-consulting.com\/wp-content\/uploads\/Wetting-Agent-Post.png 498w\" sizes=\"(max-width: 300px) 100vw, 300px\" \/>\n            <\/div>\n        <\/div><div class=\"eael-entry-wrapper\"><header class=\"eael-entry-header\"><h2 class=\"eael-entry-title\"><a class=\"eael-grid-post-link\" href=\"https:\/\/www.substrate-consulting.com\/fr\/agent-mouillant\/\" title=\"Agent mouillant\">Agent mouillant<\/a><\/h2><\/header><div class=\"eael-entry-content\">\n                        <div class=\"eael-grid-post-excerpt\"><p>Une plante a besoin d&rsquo;eau, d&rsquo;air et de nutriments. Pour...<\/p><a href=\"https:\/\/www.substrate-consulting.com\/fr\/agent-mouillant\/\" class=\"eael-post-elements-readmore-btn\">En savoir plus<\/a><\/div>\n                    <\/div><div class=\"eael-entry-footer\"><div class=\"eael-entry-meta\"><\/div><\/div><\/div><\/div>\n        <\/div>\n    <\/article><\/div>\n            <div class=\"clearfix\"><\/div>\n        <\/div>\t\t\t\t<\/div>\n\t\t\t\t<\/div>\n\t\t\t\t\t<\/div>\n\t\t<\/div>\n\t\t\t\t\t<\/div>\n\t\t<\/section>\n\t\t\t\t<\/div>\n\t\t","protected":false},"excerpt":{"rendered":"<p>Qu&#8217;est-ce qu&#8217;une bonne structure pour un substrat ? On m&#8217;a demand\u00e9 : &#8220;Comment puis-je am\u00e9liorer la structure de&#8230; En savoir plus R\u00e9duction du volume pendant le processus de rempotage La mesure du volume est un sujet de discussion tant&#8230; En savoir plus Stabilit\u00e9 du pH dans les m\u00e9langes avec moins de tourbe On me demande de plus en plus comment il est&#8230; En savoir plus Testimonial En savoir plus Agent mouillant Une plante a besoin d&#8217;eau, d&#8217;air et de nutriments. Pour&#8230; En savoir plus<\/p>\n","protected":false},"author":1,"featured_media":0,"parent":0,"menu_order":0,"comment_status":"closed","ping_status":"closed","template":"templates\/page-builder.php","meta":{"footnotes":""},"class_list":["post-6036","page","type-page","status-publish","hentry"],"_links":{"self":[{"href":"https:\/\/www.substrate-consulting.com\/fr\/wp-json\/wp\/v2\/pages\/6036","targetHints":{"allow":["GET"]}}],"collection":[{"href":"https:\/\/www.substrate-consulting.com\/fr\/wp-json\/wp\/v2\/pages"}],"about":[{"href":"https:\/\/www.substrate-consulting.com\/fr\/wp-json\/wp\/v2\/types\/page"}],"author":[{"embeddable":true,"href":"https:\/\/www.substrate-consulting.com\/fr\/wp-json\/wp\/v2\/users\/1"}],"replies":[{"embeddable":true,"href":"https:\/\/www.substrate-consulting.com\/fr\/wp-json\/wp\/v2\/comments?post=6036"}],"version-history":[{"count":27,"href":"https:\/\/www.substrate-consulting.com\/fr\/wp-json\/wp\/v2\/pages\/6036\/revisions"}],"predecessor-version":[{"id":6185,"href":"https:\/\/www.substrate-consulting.com\/fr\/wp-json\/wp\/v2\/pages\/6036\/revisions\/6185"}],"wp:attachment":[{"href":"https:\/\/www.substrate-consulting.com\/fr\/wp-json\/wp\/v2\/media?parent=6036"}],"curies":[{"name":"wp","href":"https:\/\/api.w.org\/{rel}","templated":true}]}}