{"id":5480,"date":"2023-05-09T22:04:14","date_gmt":"2023-05-09T20:04:14","guid":{"rendered":"https:\/\/redpilldesign.nl\/isc\/page-de-garde\/argile\/"},"modified":"2024-01-15T19:49:43","modified_gmt":"2024-01-15T18:49:43","slug":"argile","status":"publish","type":"page","link":"https:\/\/www.substrate-consulting.com\/fr\/page-de-garde\/argile\/","title":{"rendered":"Argile"},"content":{"rendered":"<p class=\"attachment\"><a href='https:\/\/www.substrate-consulting.com\/wp-content\/uploads\/Claylump.jpg'><img fetchpriority=\"high\" decoding=\"async\" width=\"300\" height=\"169\" src=\"https:\/\/www.substrate-consulting.com\/wp-content\/uploads\/Claylump-300x169.jpg\" class=\"attachment-medium size-medium\" alt=\"\" srcset=\"https:\/\/www.substrate-consulting.com\/wp-content\/uploads\/Claylump-300x169.jpg 300w, https:\/\/www.substrate-consulting.com\/wp-content\/uploads\/Claylump-768x432.jpg 768w, https:\/\/www.substrate-consulting.com\/wp-content\/uploads\/Claylump.jpg 978w\" sizes=\"(max-width: 300px) 100vw, 300px\" \/><\/a><\/p>\n\t\t<div data-elementor-type=\"wp-page\" data-elementor-id=\"5480\" class=\"elementor elementor-5480 elementor-2771\">\n\t\t\t\t\t\t<section class=\"elementor-section elementor-top-section elementor-element elementor-element-2377521e elementor-section-boxed elementor-section-height-default elementor-section-height-default wpr-particle-no wpr-jarallax-no wpr-parallax-no wpr-sticky-section-no wpr-equal-height-no\" data-id=\"2377521e\" data-element_type=\"section\" data-e-type=\"section\">\n\t\t\t\t\t\t<div class=\"elementor-container elementor-column-gap-default\">\n\t\t\t\t\t<div class=\"elementor-column elementor-col-100 elementor-top-column elementor-element elementor-element-186bc853\" data-id=\"186bc853\" data-element_type=\"column\" data-e-type=\"column\">\n\t\t\t<div class=\"elementor-widget-wrap elementor-element-populated\">\n\t\t\t\t\t\t<div class=\"elementor-element elementor-element-712435cd elementor-widget elementor-widget-text-editor\" data-id=\"712435cd\" data-element_type=\"widget\" data-e-type=\"widget\" data-widget_type=\"text-editor.default\">\n\t\t\t\t<div class=\"elementor-widget-container\">\n\t\t\t\t\t\t\t\t\t<p>L&rsquo;argile est souvent utilis\u00e9e comme additif pour les terreaux. L&rsquo;objectif peut \u00eatre de faire pousser des plantes plus fortes qui sont plus compactes mais\u2026 que fait r\u00e9ellement l&rsquo;argile ?<\/p>\n<strong>Effet physique<\/strong><br>\nTout d&rsquo;abord, il y a l&rsquo;effet physique de l&rsquo;ajout d&rsquo;argile : parce que l&rsquo;argile est un mat\u00e9riau lourd (le poids peut \u00eatre sup\u00e9rieur \u00e0 1 000 kg par m3), il va comprimer le m\u00e9lange total.\nPar exemple : si on commence avec 10 m3 de tourbe et qu&rsquo;on m\u00e9lange 1 m3 d&rsquo;argile, le volume final sera inf\u00e9rieur \u00e0 10 m3 ; on perd du volume !\nIl est donc \u00e9vident que nous perdons de la porosit\u00e9 \u00e0 l&rsquo;air en ajoutant de l&rsquo;argile dans des m\u00e9langes plus l\u00e9gers.\nParce qu&rsquo;il y a moins d&rsquo;air disponible, les plantes pousseront un peu plus lentement et le r\u00e9sultat final sera : des plantes plus courtes qui sont plus fortes.\nPour certaines cultures, les producteurs demandent des terreaux un peu collants (comme du compost bloquant) et pour cela de v\u00e9ritables argiles fines sont parfois utilis\u00e9es.\nApr\u00e8s avoir ajout\u00e9 de l&rsquo;argile aux terreaux, l&rsquo;absorption d&rsquo;eau sera souvent am\u00e9lior\u00e9e ; l&rsquo;effet d\u00e9pend de la structure de l&rsquo;argile et aussi de la grossi\u00e8ret\u00e9 de l&rsquo;argile.\nPour les cultures comme le chrysanth\u00e8me (petits pots avec de grandes plantes), l&rsquo;argile est souvent utilis\u00e9e pour les pots plus lourds (afin qu&rsquo;ils ne tombent pas trop facilement).<\/p>\n<strong>Effet chimique <\/strong><br>\nL&rsquo;argile a une CEC (Cation Exchange Capacity) ce qui signifie que l&rsquo;argile a un complexe charg\u00e9 n\u00e9gativement auquel des \u00e9l\u00e9ments positifs (ions Cat) seront li\u00e9s (comme Ca, K, Mg, Na, NH4, Fe, Mn, Al et H) .\nVous pouvez dire que vous trouvez un tampon de ces \u00e9l\u00e9ments dans l&rsquo;argile, ce qui pourrait apporter un effet positif dans les cultures plus longues.\nPour les producteurs de terreaux, c&rsquo;est aussi quelque chose \u00e0 prendre en compte, car l&rsquo;engrais de base sera en partie \u00ab adsorb\u00e9 \u00bb par l&rsquo;argile et ne sera pas directement disponible pour les plantes.\nLe CEC est diff\u00e9rent avec les diff\u00e9rents types d&rsquo;argile.<\/p>\n\n<p><strong>Diff\u00e9rents types<\/strong>\nTout ce que le march\u00e9 appelle \u00abargile\u00bb n&rsquo;est pas vraiment de l&rsquo;argile. On appelle le mat\u00e9riau \u00ab argile \u00bb si les particules sont inf\u00e9rieures \u00e0 2 \u00b5m.\nSouvent, un mat\u00e9riau plus grossier est utilis\u00e9 et appel\u00e9 argile mais se rapproche en fait du sable ( &gt; 50 \u00b5m) Souvent, un mat\u00e9riau plus grossier est utilis\u00e9 et appel\u00e9 argile mais se rapproche en fait du sable\nDans la production d&rsquo;argile, il y a toujours une s\u00e9lection stricte ; non seulement les types (finesse), le CEC mais aussi des choses pratiques comme la croissance des mauvaises herbes sont v\u00e9rifi\u00e9es et contr\u00f4l\u00e9es.\n\n<p>Ceci n&rsquo;est qu&rsquo;une br\u00e8ve explication.<\/p>\n\nSi vous souhaitez en savoir plus sur l&rsquo;origine, la fabrication, l&rsquo;utilisation, les avantages et les inconv\u00e9nients de l&rsquo;argile pour vous : n&rsquo;h\u00e9sitez pas \u00e0 nous \u00e9crire un mail \u00e0 <a href=\"mailto:info@substrate-consulting.nl\">info@substrate-consulting.nl<\/a>\t\t\t\t\t\t\t\t<\/div>\n\t\t\t\t<\/div>\n\t\t\t\t\t<\/div>\n\t\t<\/div>\n\t\t\t\t\t<\/div>\n\t\t<\/section>\n\t\t\t\t<section class=\"elementor-section elementor-top-section elementor-element elementor-element-6d6e2b60 elementor-section-boxed elementor-section-height-default elementor-section-height-default wpr-particle-no wpr-jarallax-no wpr-parallax-no wpr-sticky-section-no wpr-equal-height-no\" data-id=\"6d6e2b60\" data-element_type=\"section\" data-e-type=\"section\">\n\t\t\t\t\t\t<div class=\"elementor-container elementor-column-gap-default\">\n\t\t\t\t\t<div class=\"elementor-column elementor-col-100 elementor-top-column elementor-element elementor-element-421aebf\" data-id=\"421aebf\" data-element_type=\"column\" data-e-type=\"column\">\n\t\t\t<div class=\"elementor-widget-wrap elementor-element-populated\">\n\t\t\t\t\t\t<div class=\"elementor-element elementor-element-42577bc9 wpr-grid-columns-4 wpr-grid-columns--tablet3 wpr-grid-columns--mobile1 elementor-widget elementor-widget-wpr-media-grid\" data-id=\"42577bc9\" data-element_type=\"widget\" data-e-type=\"widget\" data-widget_type=\"wpr-media-grid.default\">\n\t\t\t\t<div class=\"elementor-widget-container\">\n\t\t\t\t\t<section class=\"wpr-grid wpr-media-grid elementor-clearfix\" data-settings=\"{&quot;layout&quot;:&quot;masonry&quot;,&quot;columns_desktop&quot;:&quot;4&quot;,&quot;gutter_hr&quot;:10,&quot;gutter_hr_mobile&quot;:10,&quot;gutter_hr_mobile_extra&quot;:10,&quot;gutter_hr_tablet&quot;:10,&quot;gutter_hr_tablet_extra&quot;:10,&quot;gutter_hr_laptop&quot;:10,&quot;gutter_hr_widescreen&quot;:10,&quot;gutter_vr&quot;:10,&quot;gutter_vr_mobile&quot;:10,&quot;gutter_vr_mobile_extra&quot;:10,&quot;gutter_vr_tablet&quot;:10,&quot;gutter_vr_tablet_extra&quot;:10,&quot;gutter_vr_laptop&quot;:10,&quot;gutter_vr_widescreen&quot;:10,&quot;animation&quot;:&quot;default&quot;,&quot;animation_duration&quot;:0.3,&quot;animation_delay&quot;:0.1,&quot;deeplinking&quot;:&quot;&quot;,&quot;filters_default_filter&quot;:&quot;&quot;,&quot;filters_linkable&quot;:&quot;no&quot;,&quot;filters_count&quot;:&quot;&quot;,&quot;filters_hide_empty&quot;:&quot;no&quot;,&quot;filters_animation&quot;:&quot;default&quot;,&quot;filters_animation_duration&quot;:0.3,&quot;filters_animation_delay&quot;:0.1,&quot;pagination_type&quot;:&quot;load-more&quot;,&quot;pagination_max_pages&quot;:1,&quot;lightbox&quot;:{&quot;selector&quot;:&quot;.wpr-grid-image-wrap&quot;,&quot;iframeMaxWidth&quot;:&quot;60%&quot;,&quot;hash&quot;:false,&quot;autoplay&quot;:&quot;true&quot;,&quot;pause&quot;:5000,&quot;progressBar&quot;:&quot;true&quot;,&quot;counter&quot;:&quot;true&quot;,&quot;controls&quot;:&quot;true&quot;,&quot;getCaptionFromTitleOrAlt&quot;:&quot;true&quot;,&quot;thumbnail&quot;:&quot;&quot;,&quot;showThumbByDefault&quot;:&quot;&quot;,&quot;share&quot;:&quot;&quot;,&quot;zoom&quot;:&quot;true&quot;,&quot;fullScreen&quot;:&quot;true&quot;,&quot;download&quot;:&quot;true&quot;}}\"><article class=\"wpr-grid-item elementor-clearfix post-5851 attachment type-attachment status-inherit hentry\"><div class=\"wpr-grid-item-inner\"><div class=\"wpr-grid-media-wrap wpr-effect-size-small \"><div class=\"wpr-grid-image-wrap\" data-src=\"https:\/\/www.substrate-consulting.com\/wp-content\/uploads\/Clay-1.jpg\"><img decoding=\"async\" src=\"https:\/\/www.substrate-consulting.com\/wp-content\/uploads\/Clay-1-400x270.jpg\" alt=\"Clay\" class=\"wpr-anim-timing-ease-default\"><\/div><div class=\"wpr-grid-media-hover wpr-animation-wrap\"><div class=\"wpr-grid-media-hover-bg  wpr-overlay-fade-in wpr-anim-size-large wpr-anim-timing-ease-default wpr-anim-transparency\" data-url=\"https:\/\/www.substrate-consulting.com\/fr\/clay-1-2\/\"><\/div><div class=\"wpr-cv-container\"><div class=\"wpr-cv-outer\"><div class=\"wpr-cv-inner\"><div class=\"wpr-grid-media-hover-middle elementor-clearfix\"><div class=\"wpr-grid-item-lightbox elementor-repeater-item-704f68d wpr-grid-item-display-block wpr-grid-item-align-center wpr-element-fade-in wpr-anim-size-large wpr-anim-timing-ease-default wpr-anim-transparency\"><div class=\"inner-block\"><span data-src=\"https:\/\/www.substrate-consulting.com\/wp-content\/uploads\/Clay-1.jpg\"><i class=\"fas fa-search\"><\/i><\/span><div class=\"wpr-grid-lightbox-overlay\"><\/div><\/div><\/div><\/div><\/div><\/div><\/div><\/div><\/div><\/div><\/article><article class=\"wpr-grid-item elementor-clearfix post-5857 attachment type-attachment status-inherit hentry\"><div class=\"wpr-grid-item-inner\"><div class=\"wpr-grid-media-wrap wpr-effect-size-small \"><div class=\"wpr-grid-image-wrap\" data-src=\"https:\/\/www.substrate-consulting.com\/wp-content\/uploads\/Claylayer.jpg\"><img decoding=\"async\" src=\"https:\/\/www.substrate-consulting.com\/wp-content\/uploads\/Claylayer-400x270.jpg\" alt=\"Claylayer\" class=\"wpr-anim-timing-ease-default\"><\/div><div class=\"wpr-grid-media-hover wpr-animation-wrap\"><div class=\"wpr-grid-media-hover-bg  wpr-overlay-fade-in wpr-anim-size-large wpr-anim-timing-ease-default wpr-anim-transparency\" data-url=\"https:\/\/www.substrate-consulting.com\/fr\/claylayer-2\/\"><\/div><div class=\"wpr-cv-container\"><div class=\"wpr-cv-outer\"><div class=\"wpr-cv-inner\"><div class=\"wpr-grid-media-hover-middle elementor-clearfix\"><div class=\"wpr-grid-item-lightbox elementor-repeater-item-704f68d wpr-grid-item-display-block wpr-grid-item-align-center wpr-element-fade-in wpr-anim-size-large wpr-anim-timing-ease-default wpr-anim-transparency\"><div class=\"inner-block\"><span data-src=\"https:\/\/www.substrate-consulting.com\/wp-content\/uploads\/Claylayer.jpg\"><i class=\"fas fa-search\"><\/i><\/span><div class=\"wpr-grid-lightbox-overlay\"><\/div><\/div><\/div><\/div><\/div><\/div><\/div><\/div><\/div><\/div><\/article><article class=\"wpr-grid-item elementor-clearfix post-5854 attachment type-attachment status-inherit hentry\"><div class=\"wpr-grid-item-inner\"><div class=\"wpr-grid-media-wrap wpr-effect-size-small \"><div class=\"wpr-grid-image-wrap\" data-src=\"https:\/\/www.substrate-consulting.com\/wp-content\/uploads\/clayground.jpg\"><img decoding=\"async\" src=\"https:\/\/www.substrate-consulting.com\/wp-content\/uploads\/clayground-400x270.jpg\" alt=\"clayground\" class=\"wpr-anim-timing-ease-default\"><\/div><div class=\"wpr-grid-media-hover wpr-animation-wrap\"><div class=\"wpr-grid-media-hover-bg  wpr-overlay-fade-in wpr-anim-size-large wpr-anim-timing-ease-default wpr-anim-transparency\" data-url=\"https:\/\/www.substrate-consulting.com\/fr\/clayground-2\/\"><\/div><div class=\"wpr-cv-container\"><div class=\"wpr-cv-outer\"><div class=\"wpr-cv-inner\"><div class=\"wpr-grid-media-hover-middle elementor-clearfix\"><div class=\"wpr-grid-item-lightbox elementor-repeater-item-704f68d wpr-grid-item-display-block wpr-grid-item-align-center wpr-element-fade-in wpr-anim-size-large wpr-anim-timing-ease-default wpr-anim-transparency\"><div class=\"inner-block\"><span data-src=\"https:\/\/www.substrate-consulting.com\/wp-content\/uploads\/clayground.jpg\"><i class=\"fas fa-search\"><\/i><\/span><div class=\"wpr-grid-lightbox-overlay\"><\/div><\/div><\/div><\/div><\/div><\/div><\/div><\/div><\/div><\/div><\/article><article class=\"wpr-grid-item elementor-clearfix post-5860 attachment type-attachment status-inherit hentry\"><div class=\"wpr-grid-item-inner\"><div class=\"wpr-grid-media-wrap wpr-effect-size-small \"><div class=\"wpr-grid-image-wrap\" data-src=\"https:\/\/www.substrate-consulting.com\/wp-content\/uploads\/Claylump.jpg\"><img decoding=\"async\" src=\"https:\/\/www.substrate-consulting.com\/wp-content\/uploads\/Claylump-400x270.jpg\" alt=\"Claylump\" class=\"wpr-anim-timing-ease-default\"><\/div><div class=\"wpr-grid-media-hover wpr-animation-wrap\"><div class=\"wpr-grid-media-hover-bg  wpr-overlay-fade-in wpr-anim-size-large wpr-anim-timing-ease-default wpr-anim-transparency\" data-url=\"https:\/\/www.substrate-consulting.com\/fr\/claylump-2\/\"><\/div><div class=\"wpr-cv-container\"><div class=\"wpr-cv-outer\"><div class=\"wpr-cv-inner\"><div class=\"wpr-grid-media-hover-middle elementor-clearfix\"><div class=\"wpr-grid-item-lightbox elementor-repeater-item-704f68d wpr-grid-item-display-block wpr-grid-item-align-center wpr-element-fade-in wpr-anim-size-large wpr-anim-timing-ease-default wpr-anim-transparency\"><div class=\"inner-block\"><span data-src=\"https:\/\/www.substrate-consulting.com\/wp-content\/uploads\/Claylump.jpg\"><i class=\"fas fa-search\"><\/i><\/span><div class=\"wpr-grid-lightbox-overlay\"><\/div><\/div><\/div><\/div><\/div><\/div><\/div><\/div><\/div><\/div><\/article><\/section>\t\t\t\t<\/div>\n\t\t\t\t<\/div>\n\t\t\t\t\t<\/div>\n\t\t<\/div>\n\t\t\t\t\t<\/div>\n\t\t<\/section>\n\t\t\t\t<section class=\"elementor-section elementor-top-section elementor-element elementor-element-b9da68a elementor-section-boxed elementor-section-height-default elementor-section-height-default wpr-particle-no wpr-jarallax-no wpr-parallax-no wpr-sticky-section-no wpr-equal-height-no\" data-id=\"b9da68a\" data-element_type=\"section\" data-e-type=\"section\">\n\t\t\t\t\t\t<div class=\"elementor-container elementor-column-gap-default\">\n\t\t\t\t\t<div class=\"elementor-column elementor-col-50 elementor-top-column elementor-element elementor-element-c648d97\" data-id=\"c648d97\" data-element_type=\"column\" data-e-type=\"column\">\n\t\t\t<div class=\"elementor-widget-wrap elementor-element-populated\">\n\t\t\t\t\t\t<div class=\"elementor-element elementor-element-05805af elementor-align-left elementor-widget elementor-widget-button\" data-id=\"05805af\" data-element_type=\"widget\" data-e-type=\"widget\" data-widget_type=\"button.default\">\n\t\t\t\t<div class=\"elementor-widget-container\">\n\t\t\t\t\t\t\t\t\t<div class=\"elementor-button-wrapper\">\n\t\t\t\t\t<a class=\"elementor-button elementor-button-link elementor-size-sm\" href=\"https:\/\/www.substrate-consulting.com\/fr\/page-de-garde\/perlite\/\">\n\t\t\t\t\t\t<span class=\"elementor-button-content-wrapper\">\n\t\t\t\t\t\t<span class=\"elementor-button-icon\">\n\t\t\t\t<i aria-hidden=\"true\" class=\"fas fa-angle-left\"><\/i>\t\t\t<\/span>\n\t\t\t\t\t\t\t\t\t<span class=\"elementor-button-text\">Perlite<\/span>\n\t\t\t\t\t<\/span>\n\t\t\t\t\t<\/a>\n\t\t\t\t<\/div>\n\t\t\t\t\t\t\t\t<\/div>\n\t\t\t\t<\/div>\n\t\t\t\t\t<\/div>\n\t\t<\/div>\n\t\t\t\t<div class=\"elementor-column elementor-col-50 elementor-top-column elementor-element elementor-element-9ca2aeb\" data-id=\"9ca2aeb\" data-element_type=\"column\" data-e-type=\"column\">\n\t\t\t<div class=\"elementor-widget-wrap elementor-element-populated\">\n\t\t\t\t\t\t<div class=\"elementor-element elementor-element-9b134a0 elementor-align-right elementor-widget elementor-widget-button\" data-id=\"9b134a0\" data-element_type=\"widget\" data-e-type=\"widget\" data-widget_type=\"button.default\">\n\t\t\t\t<div class=\"elementor-widget-container\">\n\t\t\t\t\t\t\t\t\t<div class=\"elementor-button-wrapper\">\n\t\t\t\t\t<a class=\"elementor-button elementor-button-link elementor-size-sm\" href=\"https:\/\/www.substrate-consulting.com\/fr\/page-de-garde\/chaux\/\">\n\t\t\t\t\t\t<span class=\"elementor-button-content-wrapper\">\n\t\t\t\t\t\t<span class=\"elementor-button-icon\">\n\t\t\t\t<i aria-hidden=\"true\" class=\"fas fa-angle-right\"><\/i>\t\t\t<\/span>\n\t\t\t\t\t\t\t\t\t<span class=\"elementor-button-text\">Chaux<\/span>\n\t\t\t\t\t<\/span>\n\t\t\t\t\t<\/a>\n\t\t\t\t<\/div>\n\t\t\t\t\t\t\t\t<\/div>\n\t\t\t\t<\/div>\n\t\t\t\t\t<\/div>\n\t\t<\/div>\n\t\t\t\t\t<\/div>\n\t\t<\/section>\n\t\t\t\t<\/div>\n\t\t","protected":false},"excerpt":{"rendered":"<p>L&rsquo;argile est souvent utilis\u00e9e comme additif pour les terreaux. L&rsquo;objectif peut \u00eatre de faire pousser des plantes plus fortes qui sont plus compactes mais\u2026 que fait r\u00e9ellement l&rsquo;argile ? Effet physique Tout d&rsquo;abord, il y a l&rsquo;effet physique de l&rsquo;ajout d&rsquo;argile : parce que l&rsquo;argile est un mat\u00e9riau lourd (le poids peut \u00eatre sup\u00e9rieur \u00e0 1 000 kg par m3), il va comprimer le m\u00e9lange total. Par exemple : si on commence avec 10 m3 de tourbe et qu&rsquo;on m\u00e9lange 1 m3 d&rsquo;argile, le volume final sera inf\u00e9rieur \u00e0 10 m3 ; on perd du volume ! Il est donc \u00e9vident que nous perdons de la porosit\u00e9 \u00e0 l&rsquo;air en ajoutant de l&rsquo;argile dans des m\u00e9langes plus l\u00e9gers. Parce qu&rsquo;il y a moins d&rsquo;air disponible, les plantes pousseront un peu plus lentement et le r\u00e9sultat final sera : des plantes plus courtes qui sont plus fortes. Pour certaines cultures, les producteurs demandent des terreaux un peu collants (comme du compost bloquant) et pour cela de v\u00e9ritables argiles fines sont parfois utilis\u00e9es. Apr\u00e8s avoir ajout\u00e9 de l&rsquo;argile aux terreaux, l&rsquo;absorption d&rsquo;eau sera souvent am\u00e9lior\u00e9e ; l&rsquo;effet d\u00e9pend de la structure de l&rsquo;argile et aussi de la grossi\u00e8ret\u00e9 de l&rsquo;argile. Pour les cultures comme le chrysanth\u00e8me (petits pots avec de grandes plantes), l&rsquo;argile est souvent utilis\u00e9e pour les pots plus lourds (afin qu&rsquo;ils ne tombent pas trop facilement). Effet chimique L&rsquo;argile a une CEC (Cation Exchange Capacity) ce qui signifie que l&rsquo;argile a un complexe charg\u00e9 n\u00e9gativement auquel des \u00e9l\u00e9ments positifs (ions Cat) seront li\u00e9s (comme Ca, K, Mg, Na, NH4, Fe, Mn, Al et H) . Vous pouvez dire que vous trouvez un tampon de ces \u00e9l\u00e9ments dans l&rsquo;argile, ce qui pourrait apporter un effet positif dans les cultures plus longues. Pour les producteurs de terreaux, c&rsquo;est aussi quelque chose \u00e0 prendre en compte, car l&rsquo;engrais de base sera en partie \u00ab adsorb\u00e9 \u00bb par l&rsquo;argile et ne sera pas directement disponible pour les plantes. Le CEC est diff\u00e9rent avec les diff\u00e9rents types d&rsquo;argile. Diff\u00e9rents types Tout ce que le march\u00e9 appelle \u00abargile\u00bb n&rsquo;est pas vraiment de l&rsquo;argile. On appelle le mat\u00e9riau \u00ab argile \u00bb si les particules sont inf\u00e9rieures \u00e0 2 \u00b5m. Souvent, un mat\u00e9riau plus grossier est utilis\u00e9 et appel\u00e9 argile mais se rapproche en fait du sable ( &gt; 50 \u00b5m) Souvent, un mat\u00e9riau plus grossier est utilis\u00e9 et appel\u00e9 argile mais se rapproche en fait du sable Dans la production d&rsquo;argile, il y a toujours une s\u00e9lection stricte ; non seulement les types (finesse), le CEC mais aussi des choses pratiques comme la croissance des mauvaises herbes sont v\u00e9rifi\u00e9es et contr\u00f4l\u00e9es. Ceci n&rsquo;est qu&rsquo;une br\u00e8ve explication. Si vous souhaitez en savoir plus sur l&rsquo;origine, la fabrication, l&rsquo;utilisation, les avantages et les inconv\u00e9nients de l&rsquo;argile pour vous : n&rsquo;h\u00e9sitez pas \u00e0 nous \u00e9crire un mail \u00e0 info@substrate-consulting.nl Perlite Chaux<\/p>\n","protected":false},"author":1,"featured_media":5484,"parent":4876,"menu_order":27,"comment_status":"closed","ping_status":"closed","template":"templates\/page-fullwidth_template.php","meta":{"footnotes":""},"class_list":["post-5480","page","type-page","status-publish","has-post-thumbnail","hentry"],"_links":{"self":[{"href":"https:\/\/www.substrate-consulting.com\/fr\/wp-json\/wp\/v2\/pages\/5480","targetHints":{"allow":["GET"]}}],"collection":[{"href":"https:\/\/www.substrate-consulting.com\/fr\/wp-json\/wp\/v2\/pages"}],"about":[{"href":"https:\/\/www.substrate-consulting.com\/fr\/wp-json\/wp\/v2\/types\/page"}],"author":[{"embeddable":true,"href":"https:\/\/www.substrate-consulting.com\/fr\/wp-json\/wp\/v2\/users\/1"}],"replies":[{"embeddable":true,"href":"https:\/\/www.substrate-consulting.com\/fr\/wp-json\/wp\/v2\/comments?post=5480"}],"version-history":[{"count":14,"href":"https:\/\/www.substrate-consulting.com\/fr\/wp-json\/wp\/v2\/pages\/5480\/revisions"}],"predecessor-version":[{"id":6233,"href":"https:\/\/www.substrate-consulting.com\/fr\/wp-json\/wp\/v2\/pages\/5480\/revisions\/6233"}],"up":[{"embeddable":true,"href":"https:\/\/www.substrate-consulting.com\/fr\/wp-json\/wp\/v2\/pages\/4876"}],"wp:featuredmedia":[{"embeddable":true,"href":"https:\/\/www.substrate-consulting.com\/fr\/wp-json\/wp\/v2\/media\/5484"}],"wp:attachment":[{"href":"https:\/\/www.substrate-consulting.com\/fr\/wp-json\/wp\/v2\/media?parent=5480"}],"curies":[{"name":"wp","href":"https:\/\/api.w.org\/{rel}","templated":true}]}}