{"id":4926,"date":"2023-05-09T22:07:19","date_gmt":"2023-05-09T20:07:19","guid":{"rendered":"https:\/\/redpilldesign.nl\/isc\/page-de-garde\/chaux\/"},"modified":"2024-01-15T19:50:39","modified_gmt":"2024-01-15T18:50:39","slug":"chaux","status":"publish","type":"page","link":"https:\/\/www.substrate-consulting.com\/fr\/page-de-garde\/chaux\/","title":{"rendered":"Chaux"},"content":{"rendered":"\t\t<div data-elementor-type=\"wp-page\" data-elementor-id=\"4926\" class=\"elementor elementor-4926 elementor-2778\">\n\t\t\t\t\t\t<section class=\"elementor-section elementor-top-section elementor-element elementor-element-2377521e elementor-section-boxed elementor-section-height-default elementor-section-height-default wpr-particle-no wpr-jarallax-no wpr-parallax-no wpr-sticky-section-no wpr-equal-height-no\" data-id=\"2377521e\" data-element_type=\"section\" data-e-type=\"section\">\n\t\t\t\t\t\t<div class=\"elementor-container elementor-column-gap-default\">\n\t\t\t\t\t<div class=\"elementor-column elementor-col-100 elementor-top-column elementor-element elementor-element-186bc853\" data-id=\"186bc853\" data-element_type=\"column\" data-e-type=\"column\">\n\t\t\t<div class=\"elementor-widget-wrap elementor-element-populated\">\n\t\t\t\t\t\t<div class=\"elementor-element elementor-element-712435cd elementor-widget elementor-widget-text-editor\" data-id=\"712435cd\" data-element_type=\"widget\" data-e-type=\"widget\" data-widget_type=\"text-editor.default\">\n\t\t\t\t<div class=\"elementor-widget-container\">\n\t\t\t\t\t\t\t\t\t<p>Le pH d&rsquo;un substrat est tr\u00e8s important pour la plante.<\/p>\n<p>Selon la vari\u00e9t\u00e9, le pH pr\u00e9f\u00e9r\u00e9 se situe entre 4,5 et 6,5.<\/p>\n<p>Surtout pour la disponibilit\u00e9 des oligo-\u00e9l\u00e9ments, il faut s&rsquo;assurer d&rsquo;avoir le bon pH.<\/p>\n<p>Parce que la tourbe (ingr\u00e9dient principal du terreau) a un pH plus bas, nous devons augmenter le pH de par exemple 4,5 \u00e0 5,8.<\/p>\n<p>Pour cela nous utilisons de la chaux (dolomitique) qui est CaCO<sub>3<\/sub>et MgO.<\/p>\n<p>Pour expliquer de mani\u00e8re simple: les CO<sub>3<\/sub><sup>&#8211; <\/sup>wtrouvera 2 H<sup>+<\/sup> ions et ensemble ils seront H<sub>2<\/sub>CO<sub>3<\/sub> qui plus tard peut se s\u00e9parer comme H<sub>2<\/sub>O and CO<sub>2<\/sub>.<\/p>\n<\/p>\n<p>Avant de choisir une chaux, vous devez conna\u00eetre la puret\u00e9 et la \u00ab\u00a0valeur de liaison acide\u00a0\u00bb afin de savoir exactement combien vous devez ajouter pour obtenir le bon pH.<\/p>\n<\/p>\n<p>Ceci n&rsquo;est qu&rsquo;une br\u00e8ve explication.<\/p>\n<p>Si vous souhaitez en savoir plus sur l&rsquo;origine, la fabrication, l&rsquo;utilisation, les avantages et les inconv\u00e9nients de la chaux pour vous : n&rsquo;h\u00e9sitez pas \u00e0 nous \u00e9crire un mail \u00e0 <a href=\"mailto:info@substrate-consulting.nl\">info@substrate-consulting.nl<\/a><\/p>\n\t\t\t\t\t\t\t\t<\/div>\n\t\t\t\t<\/div>\n\t\t\t\t\t<\/div>\n\t\t<\/div>\n\t\t\t\t\t<\/div>\n\t\t<\/section>\n\t\t\t\t<section class=\"elementor-section elementor-top-section elementor-element elementor-element-ab618ec elementor-section-boxed elementor-section-height-default elementor-section-height-default wpr-particle-no wpr-jarallax-no wpr-parallax-no wpr-sticky-section-no wpr-equal-height-no\" data-id=\"ab618ec\" data-element_type=\"section\" data-e-type=\"section\">\n\t\t\t\t\t\t<div class=\"elementor-container elementor-column-gap-default\">\n\t\t\t\t\t<div class=\"elementor-column elementor-col-50 elementor-top-column elementor-element elementor-element-f6d9769\" data-id=\"f6d9769\" data-element_type=\"column\" data-e-type=\"column\">\n\t\t\t<div class=\"elementor-widget-wrap elementor-element-populated\">\n\t\t\t\t\t\t<div class=\"elementor-element elementor-element-4f14082 elementor-align-left elementor-widget elementor-widget-button\" data-id=\"4f14082\" data-element_type=\"widget\" data-e-type=\"widget\" data-widget_type=\"button.default\">\n\t\t\t\t<div class=\"elementor-widget-container\">\n\t\t\t\t\t\t\t\t\t<div class=\"elementor-button-wrapper\">\n\t\t\t\t\t<a class=\"elementor-button elementor-button-link elementor-size-sm\" href=\"https:\/\/www.substrate-consulting.com\/fr\/page-de-garde\/argile\/\">\n\t\t\t\t\t\t<span class=\"elementor-button-content-wrapper\">\n\t\t\t\t\t\t<span class=\"elementor-button-icon\">\n\t\t\t\t<i aria-hidden=\"true\" class=\"fas fa-angle-left\"><\/i>\t\t\t<\/span>\n\t\t\t\t\t\t\t\t\t<span class=\"elementor-button-text\">Argile<\/span>\n\t\t\t\t\t<\/span>\n\t\t\t\t\t<\/a>\n\t\t\t\t<\/div>\n\t\t\t\t\t\t\t\t<\/div>\n\t\t\t\t<\/div>\n\t\t\t\t\t<\/div>\n\t\t<\/div>\n\t\t\t\t<div class=\"elementor-column elementor-col-50 elementor-top-column elementor-element elementor-element-7759f59\" data-id=\"7759f59\" data-element_type=\"column\" data-e-type=\"column\">\n\t\t\t<div class=\"elementor-widget-wrap elementor-element-populated\">\n\t\t\t\t\t\t<div class=\"elementor-element elementor-element-6e9836a elementor-align-right elementor-widget elementor-widget-button\" data-id=\"6e9836a\" data-element_type=\"widget\" data-e-type=\"widget\" data-widget_type=\"button.default\">\n\t\t\t\t<div class=\"elementor-widget-container\">\n\t\t\t\t\t\t\t\t\t<div class=\"elementor-button-wrapper\">\n\t\t\t\t\t<a class=\"elementor-button elementor-button-link elementor-size-sm\" href=\"https:\/\/www.substrate-consulting.com\/fr\/page-de-garde\/engrais\/\">\n\t\t\t\t\t\t<span class=\"elementor-button-content-wrapper\">\n\t\t\t\t\t\t<span class=\"elementor-button-icon\">\n\t\t\t\t<i aria-hidden=\"true\" class=\"fas fa-angle-right\"><\/i>\t\t\t<\/span>\n\t\t\t\t\t\t\t\t\t<span class=\"elementor-button-text\">Engrais<\/span>\n\t\t\t\t\t<\/span>\n\t\t\t\t\t<\/a>\n\t\t\t\t<\/div>\n\t\t\t\t\t\t\t\t<\/div>\n\t\t\t\t<\/div>\n\t\t\t\t\t<\/div>\n\t\t<\/div>\n\t\t\t\t\t<\/div>\n\t\t<\/section>\n\t\t\t\t<\/div>\n\t\t","protected":false},"excerpt":{"rendered":"<p>Le pH d&rsquo;un substrat est tr\u00e8s important pour la plante. Selon la vari\u00e9t\u00e9, le pH pr\u00e9f\u00e9r\u00e9 se situe entre 4,5 et 6,5. Surtout pour la disponibilit\u00e9 des oligo-\u00e9l\u00e9ments, il faut s&rsquo;assurer d&rsquo;avoir le bon pH. Parce que la tourbe (ingr\u00e9dient principal du terreau) a un pH plus bas, nous devons augmenter le pH de par exemple 4,5 \u00e0 5,8. Pour cela nous utilisons de la chaux (dolomitique) qui est CaCO3et MgO. Pour expliquer de mani\u00e8re simple: les CO3&#8211; wtrouvera 2 H+ ions et ensemble ils seront H2CO3 qui plus tard peut se s\u00e9parer comme H2O and CO2. Avant de choisir une chaux, vous devez conna\u00eetre la puret\u00e9 et la \u00ab\u00a0valeur de liaison acide\u00a0\u00bb afin de savoir exactement combien vous devez ajouter pour obtenir le bon pH. Ceci n&rsquo;est qu&rsquo;une br\u00e8ve explication. Si vous souhaitez en savoir plus sur l&rsquo;origine, la fabrication, l&rsquo;utilisation, les avantages et les inconv\u00e9nients de la chaux pour vous : n&rsquo;h\u00e9sitez pas \u00e0 nous \u00e9crire un mail \u00e0 info@substrate-consulting.nl Argile Engrais<\/p>\n","protected":false},"author":1,"featured_media":5467,"parent":4876,"menu_order":28,"comment_status":"closed","ping_status":"closed","template":"templates\/page-fullwidth_template.php","meta":{"footnotes":""},"class_list":["post-4926","page","type-page","status-publish","has-post-thumbnail","hentry"],"_links":{"self":[{"href":"https:\/\/www.substrate-consulting.com\/fr\/wp-json\/wp\/v2\/pages\/4926","targetHints":{"allow":["GET"]}}],"collection":[{"href":"https:\/\/www.substrate-consulting.com\/fr\/wp-json\/wp\/v2\/pages"}],"about":[{"href":"https:\/\/www.substrate-consulting.com\/fr\/wp-json\/wp\/v2\/types\/page"}],"author":[{"embeddable":true,"href":"https:\/\/www.substrate-consulting.com\/fr\/wp-json\/wp\/v2\/users\/1"}],"replies":[{"embeddable":true,"href":"https:\/\/www.substrate-consulting.com\/fr\/wp-json\/wp\/v2\/comments?post=4926"}],"version-history":[{"count":14,"href":"https:\/\/www.substrate-consulting.com\/fr\/wp-json\/wp\/v2\/pages\/4926\/revisions"}],"predecessor-version":[{"id":6236,"href":"https:\/\/www.substrate-consulting.com\/fr\/wp-json\/wp\/v2\/pages\/4926\/revisions\/6236"}],"up":[{"embeddable":true,"href":"https:\/\/www.substrate-consulting.com\/fr\/wp-json\/wp\/v2\/pages\/4876"}],"wp:featuredmedia":[{"embeddable":true,"href":"https:\/\/www.substrate-consulting.com\/fr\/wp-json\/wp\/v2\/media\/5467"}],"wp:attachment":[{"href":"https:\/\/www.substrate-consulting.com\/fr\/wp-json\/wp\/v2\/media?parent=4926"}],"curies":[{"name":"wp","href":"https:\/\/api.w.org\/{rel}","templated":true}]}}