{"id":4916,"date":"2023-05-15T21:01:30","date_gmt":"2023-05-15T19:01:30","guid":{"rendered":"https:\/\/redpilldesign.nl\/isc\/page-de-garde\/ameliorer-votre-production\/"},"modified":"2024-01-15T20:11:47","modified_gmt":"2024-01-15T19:11:47","slug":"ameliorer-votre-production","status":"publish","type":"page","link":"https:\/\/www.substrate-consulting.com\/fr\/page-de-garde\/ameliorer-votre-production\/","title":{"rendered":"Am\u00e9liorer votre production"},"content":{"rendered":"<p class=\"attachment\"><a href='https:\/\/www.substrate-consulting.com\/wp-content\/uploads\/IMG_5419.jpg'><img fetchpriority=\"high\" decoding=\"async\" width=\"300\" height=\"169\" src=\"https:\/\/www.substrate-consulting.com\/wp-content\/uploads\/IMG_5419-300x169.jpg\" class=\"attachment-medium size-medium\" alt=\"Improving production\" srcset=\"https:\/\/www.substrate-consulting.com\/wp-content\/uploads\/IMG_5419-300x169.jpg 300w, https:\/\/www.substrate-consulting.com\/wp-content\/uploads\/IMG_5419-1024x576.jpg 1024w, https:\/\/www.substrate-consulting.com\/wp-content\/uploads\/IMG_5419-768x432.jpg 768w, https:\/\/www.substrate-consulting.com\/wp-content\/uploads\/IMG_5419-1536x864.jpg 1536w, https:\/\/www.substrate-consulting.com\/wp-content\/uploads\/IMG_5419.jpg 1920w\" sizes=\"(max-width: 300px) 100vw, 300px\" \/><\/a><\/p>\n\t\t<div data-elementor-type=\"wp-page\" data-elementor-id=\"4916\" class=\"elementor elementor-4916 elementor-2925\">\n\t\t\t\t\t\t<section class=\"elementor-section elementor-top-section elementor-element elementor-element-2377521e elementor-section-boxed elementor-section-height-default elementor-section-height-default wpr-particle-no wpr-jarallax-no wpr-parallax-no wpr-sticky-section-no wpr-equal-height-no\" data-id=\"2377521e\" data-element_type=\"section\" data-e-type=\"section\">\n\t\t\t\t\t\t<div class=\"elementor-container elementor-column-gap-default\">\n\t\t\t\t\t<div class=\"elementor-column elementor-col-100 elementor-top-column elementor-element elementor-element-186bc853\" data-id=\"186bc853\" data-element_type=\"column\" data-e-type=\"column\">\n\t\t\t<div class=\"elementor-widget-wrap elementor-element-populated\">\n\t\t\t\t\t\t<div class=\"elementor-element elementor-element-712435cd elementor-widget elementor-widget-text-editor\" data-id=\"712435cd\" data-element_type=\"widget\" data-e-type=\"widget\" data-widget_type=\"text-editor.default\">\n\t\t\t\t<div class=\"elementor-widget-container\">\n\t\t\t\t\t\t\t\t\tLa production est le c\u0153ur de l&rsquo;entreprise.\n<\/br>\nEnfin la production d\u00e9cide de l&rsquo;uniformit\u00e9, des gains ou des pertes, de la qualit\u00e9 des produits finis.\n<\/br>\nD&rsquo;abord la logistique a besoin d&rsquo;une bonne recherche ; quels mat\u00e9riaux vous avez, quelles manipulations doivent \u00eatre faites (fraisage\/criblage etc.), comment est le meilleur routage pour les co\u00fbts les plus bas et la plus grande efficacit\u00e9.\n<\/br>\nPour am\u00e9liorer l&rsquo;uniformit\u00e9 (un probl\u00e8me tr\u00e8s important pour votre client), un m\u00e9lange peut \u00eatre n\u00e9cessaire, les param\u00e8tres de tramage peuvent \u00eatre modifi\u00e9s parfois, etc.\n<\/br>\nEt puis on sait qu&rsquo;apr\u00e8s avoir m\u00e9lang\u00e9 diff\u00e9rents mat\u00e9riaux, il y a toujours une perte de volume. Il est donc important d&rsquo;avoir un bon syst\u00e8me pour savoir combien vous perdez afin d&rsquo;\u00e9viter un prix de vente trop bas.\n<\/br>\n<\/br>\nChaque entreprise est diff\u00e9rente, chaque production est diff\u00e9rente et nous sommes l\u00e0 pour approfondir chaque sujet, avec vous. \n<\/br>\nVous pouvez nous contacter: <a href=\"mailto:info@substrate-consulting.nl\">info@substrate-consulting.nl<\/a>\t\t\t\t\t\t\t\t<\/div>\n\t\t\t\t<\/div>\n\t\t\t\t<div class=\"elementor-element elementor-element-4f1ad19 wpr-grid-columns-4 wpr-grid-columns--tablet3 wpr-grid-columns--mobile1 elementor-widget elementor-widget-wpr-media-grid\" data-id=\"4f1ad19\" data-element_type=\"widget\" data-e-type=\"widget\" data-widget_type=\"wpr-media-grid.default\">\n\t\t\t\t<div class=\"elementor-widget-container\">\n\t\t\t\t\t<section class=\"wpr-grid wpr-media-grid elementor-clearfix\" data-settings=\"{&quot;layout&quot;:&quot;masonry&quot;,&quot;columns_desktop&quot;:&quot;4&quot;,&quot;gutter_hr&quot;:10,&quot;gutter_hr_mobile&quot;:10,&quot;gutter_hr_mobile_extra&quot;:10,&quot;gutter_hr_tablet&quot;:10,&quot;gutter_hr_tablet_extra&quot;:10,&quot;gutter_hr_laptop&quot;:10,&quot;gutter_hr_widescreen&quot;:10,&quot;gutter_vr&quot;:10,&quot;gutter_vr_mobile&quot;:10,&quot;gutter_vr_mobile_extra&quot;:10,&quot;gutter_vr_tablet&quot;:10,&quot;gutter_vr_tablet_extra&quot;:10,&quot;gutter_vr_laptop&quot;:10,&quot;gutter_vr_widescreen&quot;:10,&quot;animation&quot;:&quot;default&quot;,&quot;animation_duration&quot;:0.3,&quot;animation_delay&quot;:0.1,&quot;deeplinking&quot;:&quot;&quot;,&quot;filters_default_filter&quot;:&quot;&quot;,&quot;filters_linkable&quot;:&quot;no&quot;,&quot;filters_count&quot;:&quot;&quot;,&quot;filters_hide_empty&quot;:&quot;no&quot;,&quot;filters_animation&quot;:&quot;default&quot;,&quot;filters_animation_duration&quot;:0.3,&quot;filters_animation_delay&quot;:0.1,&quot;pagination_type&quot;:&quot;load-more&quot;,&quot;pagination_max_pages&quot;:1,&quot;lightbox&quot;:{&quot;selector&quot;:&quot;.wpr-grid-image-wrap&quot;,&quot;iframeMaxWidth&quot;:&quot;60%&quot;,&quot;hash&quot;:false,&quot;autoplay&quot;:&quot;true&quot;,&quot;pause&quot;:5000,&quot;progressBar&quot;:&quot;true&quot;,&quot;counter&quot;:&quot;true&quot;,&quot;controls&quot;:&quot;true&quot;,&quot;getCaptionFromTitleOrAlt&quot;:&quot;true&quot;,&quot;thumbnail&quot;:&quot;&quot;,&quot;showThumbByDefault&quot;:&quot;&quot;,&quot;share&quot;:&quot;&quot;,&quot;zoom&quot;:&quot;true&quot;,&quot;fullScreen&quot;:&quot;true&quot;,&quot;download&quot;:&quot;true&quot;}}\"><article class=\"wpr-grid-item elementor-clearfix post-4662 attachment type-attachment status-inherit hentry\"><div class=\"wpr-grid-item-inner\"><div class=\"wpr-grid-media-wrap wpr-effect-size-small \"><div class=\"wpr-grid-image-wrap\" data-src=\"https:\/\/www.substrate-consulting.com\/wp-content\/uploads\/DSC03222.jpg\"><img decoding=\"async\" src=\"https:\/\/www.substrate-consulting.com\/wp-content\/uploads\/DSC03222.jpg\" alt=\"Improving production\" class=\"wpr-anim-timing-ease-default\"><\/div><div class=\"wpr-grid-media-hover wpr-animation-wrap\"><div class=\"wpr-grid-media-hover-bg  wpr-overlay-fade-in wpr-anim-size-large wpr-anim-timing-ease-default wpr-anim-transparency\" data-url=\"https:\/\/www.substrate-consulting.com\/fr\/dsc03222-2\/\"><\/div><div class=\"wpr-cv-container\"><div class=\"wpr-cv-outer\"><div class=\"wpr-cv-inner\"><div class=\"wpr-grid-media-hover-middle elementor-clearfix\"><div class=\"wpr-grid-item-lightbox elementor-repeater-item-704f68d wpr-grid-item-display-block wpr-grid-item-align-center wpr-element-fade-in wpr-anim-size-large wpr-anim-timing-ease-default wpr-anim-transparency\"><div class=\"inner-block\"><span data-src=\"https:\/\/www.substrate-consulting.com\/wp-content\/uploads\/DSC03222.jpg\"><i class=\"fas fa-search\"><\/i><\/span><div class=\"wpr-grid-lightbox-overlay\"><\/div><\/div><\/div><\/div><\/div><\/div><\/div><\/div><\/div><\/div><\/article><article class=\"wpr-grid-item elementor-clearfix post-4628 attachment type-attachment status-inherit hentry\"><div class=\"wpr-grid-item-inner\"><div class=\"wpr-grid-media-wrap wpr-effect-size-small \"><div class=\"wpr-grid-image-wrap\" data-src=\"https:\/\/www.substrate-consulting.com\/wp-content\/uploads\/IMG_3854-1.jpg\"><img decoding=\"async\" src=\"https:\/\/www.substrate-consulting.com\/wp-content\/uploads\/IMG_3854-1.jpg\" alt=\"Improving production\" class=\"wpr-anim-timing-ease-default\"><\/div><div class=\"wpr-grid-media-hover wpr-animation-wrap\"><div class=\"wpr-grid-media-hover-bg  wpr-overlay-fade-in wpr-anim-size-large wpr-anim-timing-ease-default wpr-anim-transparency\" data-url=\"https:\/\/www.substrate-consulting.com\/fr\/img_3854-2-2\/\"><\/div><div class=\"wpr-cv-container\"><div class=\"wpr-cv-outer\"><div class=\"wpr-cv-inner\"><div class=\"wpr-grid-media-hover-middle elementor-clearfix\"><div class=\"wpr-grid-item-lightbox elementor-repeater-item-704f68d wpr-grid-item-display-block wpr-grid-item-align-center wpr-element-fade-in wpr-anim-size-large wpr-anim-timing-ease-default wpr-anim-transparency\"><div class=\"inner-block\"><span data-src=\"https:\/\/www.substrate-consulting.com\/wp-content\/uploads\/IMG_3854-1.jpg\"><i class=\"fas fa-search\"><\/i><\/span><div class=\"wpr-grid-lightbox-overlay\"><\/div><\/div><\/div><\/div><\/div><\/div><\/div><\/div><\/div><\/div><\/article><article class=\"wpr-grid-item elementor-clearfix post-4660 attachment type-attachment status-inherit hentry\"><div class=\"wpr-grid-item-inner\"><div class=\"wpr-grid-media-wrap wpr-effect-size-small \"><div class=\"wpr-grid-image-wrap\" data-src=\"https:\/\/www.substrate-consulting.com\/wp-content\/uploads\/IMG_5429.jpg\"><img decoding=\"async\" src=\"https:\/\/www.substrate-consulting.com\/wp-content\/uploads\/IMG_5429.jpg\" alt=\"Improving production\" class=\"wpr-anim-timing-ease-default\"><\/div><div class=\"wpr-grid-media-hover wpr-animation-wrap\"><div class=\"wpr-grid-media-hover-bg  wpr-overlay-fade-in wpr-anim-size-large wpr-anim-timing-ease-default wpr-anim-transparency\" data-url=\"https:\/\/www.substrate-consulting.com\/fr\/img_5429-2\/\"><\/div><div class=\"wpr-cv-container\"><div class=\"wpr-cv-outer\"><div class=\"wpr-cv-inner\"><div class=\"wpr-grid-media-hover-middle elementor-clearfix\"><div class=\"wpr-grid-item-lightbox elementor-repeater-item-704f68d wpr-grid-item-display-block wpr-grid-item-align-center wpr-element-fade-in wpr-anim-size-large wpr-anim-timing-ease-default wpr-anim-transparency\"><div class=\"inner-block\"><span data-src=\"https:\/\/www.substrate-consulting.com\/wp-content\/uploads\/IMG_5429.jpg\"><i class=\"fas fa-search\"><\/i><\/span><div class=\"wpr-grid-lightbox-overlay\"><\/div><\/div><\/div><\/div><\/div><\/div><\/div><\/div><\/div><\/div><\/article><article class=\"wpr-grid-item elementor-clearfix post-4658 attachment type-attachment status-inherit hentry\"><div class=\"wpr-grid-item-inner\"><div class=\"wpr-grid-media-wrap wpr-effect-size-small \"><div class=\"wpr-grid-image-wrap\" data-src=\"https:\/\/www.substrate-consulting.com\/wp-content\/uploads\/IMG_5419.jpg\"><img decoding=\"async\" src=\"https:\/\/www.substrate-consulting.com\/wp-content\/uploads\/IMG_5419.jpg\" alt=\"Improving production\" class=\"wpr-anim-timing-ease-default\"><\/div><div class=\"wpr-grid-media-hover wpr-animation-wrap\"><div class=\"wpr-grid-media-hover-bg  wpr-overlay-fade-in wpr-anim-size-large wpr-anim-timing-ease-default wpr-anim-transparency\" data-url=\"https:\/\/www.substrate-consulting.com\/fr\/img_5419-2\/\"><\/div><div class=\"wpr-cv-container\"><div class=\"wpr-cv-outer\"><div class=\"wpr-cv-inner\"><div class=\"wpr-grid-media-hover-middle elementor-clearfix\"><div class=\"wpr-grid-item-lightbox elementor-repeater-item-704f68d wpr-grid-item-display-block wpr-grid-item-align-center wpr-element-fade-in wpr-anim-size-large wpr-anim-timing-ease-default wpr-anim-transparency\"><div class=\"inner-block\"><span data-src=\"https:\/\/www.substrate-consulting.com\/wp-content\/uploads\/IMG_5419.jpg\"><i class=\"fas fa-search\"><\/i><\/span><div class=\"wpr-grid-lightbox-overlay\"><\/div><\/div><\/div><\/div><\/div><\/div><\/div><\/div><\/div><\/div><\/article><\/section>\t\t\t\t<\/div>\n\t\t\t\t<\/div>\n\t\t\t\t\t<\/div>\n\t\t<\/div>\n\t\t\t\t\t<\/div>\n\t\t<\/section>\n\t\t\t\t<section class=\"elementor-section elementor-top-section elementor-element elementor-element-12aaf68 elementor-section-boxed elementor-section-height-default elementor-section-height-default wpr-particle-no wpr-jarallax-no wpr-parallax-no wpr-sticky-section-no wpr-equal-height-no\" data-id=\"12aaf68\" data-element_type=\"section\" data-e-type=\"section\">\n\t\t\t\t\t\t<div class=\"elementor-container elementor-column-gap-default\">\n\t\t\t\t\t<div class=\"elementor-column elementor-col-50 elementor-top-column elementor-element elementor-element-aa48442\" data-id=\"aa48442\" data-element_type=\"column\" data-e-type=\"column\">\n\t\t\t<div class=\"elementor-widget-wrap elementor-element-populated\">\n\t\t\t\t\t\t<div class=\"elementor-element elementor-element-2acd2b2 elementor-align-left elementor-widget elementor-widget-button\" data-id=\"2acd2b2\" data-element_type=\"widget\" data-e-type=\"widget\" data-widget_type=\"button.default\">\n\t\t\t\t<div class=\"elementor-widget-container\">\n\t\t\t\t\t\t\t\t\t<div class=\"elementor-button-wrapper\">\n\t\t\t\t\t<a class=\"elementor-button elementor-button-link elementor-size-sm\" href=\"https:\/\/www.substrate-consulting.com\/fr\/page-de-garde\/demarrage-de-votre-production-de-substrat\/\">\n\t\t\t\t\t\t<span class=\"elementor-button-content-wrapper\">\n\t\t\t\t\t\t<span class=\"elementor-button-icon\">\n\t\t\t\t<i aria-hidden=\"true\" class=\"fas fa-angle-left\"><\/i>\t\t\t<\/span>\n\t\t\t\t\t\t\t\t\t<span class=\"elementor-button-text\">D\u00e9marrage de votre production de substrat<\/span>\n\t\t\t\t\t<\/span>\n\t\t\t\t\t<\/a>\n\t\t\t\t<\/div>\n\t\t\t\t\t\t\t\t<\/div>\n\t\t\t\t<\/div>\n\t\t\t\t\t<\/div>\n\t\t<\/div>\n\t\t\t\t<div class=\"elementor-column elementor-col-50 elementor-top-column elementor-element elementor-element-7f2b81f\" data-id=\"7f2b81f\" data-element_type=\"column\" data-e-type=\"column\">\n\t\t\t<div class=\"elementor-widget-wrap elementor-element-populated\">\n\t\t\t\t\t\t<div class=\"elementor-element elementor-element-12f2968 elementor-align-right elementor-widget elementor-widget-button\" data-id=\"12f2968\" data-element_type=\"widget\" data-e-type=\"widget\" data-widget_type=\"button.default\">\n\t\t\t\t<div class=\"elementor-widget-container\">\n\t\t\t\t\t\t\t\t\t<div class=\"elementor-button-wrapper\">\n\t\t\t\t\t<a class=\"elementor-button elementor-button-link elementor-size-sm\" href=\"https:\/\/www.substrate-consulting.com\/fr\/page-de-garde\/accompagnement-de-votre-equipe-commerciale\/\">\n\t\t\t\t\t\t<span class=\"elementor-button-content-wrapper\">\n\t\t\t\t\t\t<span class=\"elementor-button-icon\">\n\t\t\t\t<i aria-hidden=\"true\" class=\"fas fa-angle-right\"><\/i>\t\t\t<\/span>\n\t\t\t\t\t\t\t\t\t<span class=\"elementor-button-text\">Accompagnement de votre \u00e9quipe commerciale<\/span>\n\t\t\t\t\t<\/span>\n\t\t\t\t\t<\/a>\n\t\t\t\t<\/div>\n\t\t\t\t\t\t\t\t<\/div>\n\t\t\t\t<\/div>\n\t\t\t\t\t<\/div>\n\t\t<\/div>\n\t\t\t\t\t<\/div>\n\t\t<\/section>\n\t\t\t\t<section class=\"elementor-section elementor-top-section elementor-element elementor-element-75497aeb elementor-section-boxed elementor-section-height-default elementor-section-height-default wpr-particle-no wpr-jarallax-no wpr-parallax-no wpr-sticky-section-no wpr-equal-height-no\" data-id=\"75497aeb\" data-element_type=\"section\" data-e-type=\"section\">\n\t\t\t\t\t\t<div class=\"elementor-container elementor-column-gap-default\">\n\t\t\t\t\t<div class=\"elementor-column elementor-col-100 elementor-top-column elementor-element elementor-element-6ddc5ee1\" data-id=\"6ddc5ee1\" data-element_type=\"column\" data-e-type=\"column\">\n\t\t\t<div class=\"elementor-widget-wrap\">\n\t\t\t\t\t\t\t<\/div>\n\t\t<\/div>\n\t\t\t\t\t<\/div>\n\t\t<\/section>\n\t\t\t\t<\/div>\n\t\t","protected":false},"excerpt":{"rendered":"<p>La production est le c\u0153ur de l&rsquo;entreprise. Enfin la production d\u00e9cide de l&rsquo;uniformit\u00e9, des gains ou des pertes, de la qualit\u00e9 des produits finis. D&rsquo;abord la logistique a besoin d&rsquo;une bonne recherche ; quels mat\u00e9riaux vous avez, quelles manipulations doivent \u00eatre faites (fraisage\/criblage etc.), comment est le meilleur routage pour les co\u00fbts les plus bas et la plus grande efficacit\u00e9. Pour am\u00e9liorer l&rsquo;uniformit\u00e9 (un probl\u00e8me tr\u00e8s important pour votre client), un m\u00e9lange peut \u00eatre n\u00e9cessaire, les param\u00e8tres de tramage peuvent \u00eatre modifi\u00e9s parfois, etc. Et puis on sait qu&rsquo;apr\u00e8s avoir m\u00e9lang\u00e9 diff\u00e9rents mat\u00e9riaux, il y a toujours une perte de volume. Il est donc important d&rsquo;avoir un bon syst\u00e8me pour savoir combien vous perdez afin d&rsquo;\u00e9viter un prix de vente trop bas. Chaque entreprise est diff\u00e9rente, chaque production est diff\u00e9rente et nous sommes l\u00e0 pour approfondir chaque sujet, avec vous. Vous pouvez nous contacter: info@substrate-consulting.nl D\u00e9marrage de votre production de substrat Accompagnement de votre \u00e9quipe commerciale<\/p>\n","protected":false},"author":1,"featured_media":0,"parent":4876,"menu_order":12,"comment_status":"closed","ping_status":"closed","template":"templates\/page-fullwidth_template.php","meta":{"footnotes":""},"class_list":["post-4916","page","type-page","status-publish","hentry"],"_links":{"self":[{"href":"https:\/\/www.substrate-consulting.com\/fr\/wp-json\/wp\/v2\/pages\/4916","targetHints":{"allow":["GET"]}}],"collection":[{"href":"https:\/\/www.substrate-consulting.com\/fr\/wp-json\/wp\/v2\/pages"}],"about":[{"href":"https:\/\/www.substrate-consulting.com\/fr\/wp-json\/wp\/v2\/types\/page"}],"author":[{"embeddable":true,"href":"https:\/\/www.substrate-consulting.com\/fr\/wp-json\/wp\/v2\/users\/1"}],"replies":[{"embeddable":true,"href":"https:\/\/www.substrate-consulting.com\/fr\/wp-json\/wp\/v2\/comments?post=4916"}],"version-history":[{"count":5,"href":"https:\/\/www.substrate-consulting.com\/fr\/wp-json\/wp\/v2\/pages\/4916\/revisions"}],"predecessor-version":[{"id":6259,"href":"https:\/\/www.substrate-consulting.com\/fr\/wp-json\/wp\/v2\/pages\/4916\/revisions\/6259"}],"up":[{"embeddable":true,"href":"https:\/\/www.substrate-consulting.com\/fr\/wp-json\/wp\/v2\/pages\/4876"}],"wp:attachment":[{"href":"https:\/\/www.substrate-consulting.com\/fr\/wp-json\/wp\/v2\/media?parent=4916"}],"curies":[{"name":"wp","href":"https:\/\/api.w.org\/{rel}","templated":true}]}}