{"id":4910,"date":"2023-05-15T21:25:47","date_gmt":"2023-05-15T19:25:47","guid":{"rendered":"https:\/\/redpilldesign.nl\/isc\/page-de-garde\/contact-avec-vos-clients\/"},"modified":"2024-01-15T20:15:03","modified_gmt":"2024-01-15T19:15:03","slug":"contact-avec-vos-clients","status":"publish","type":"page","link":"https:\/\/www.substrate-consulting.com\/fr\/page-de-garde\/contact-avec-vos-clients\/","title":{"rendered":"Contact avec vos clients"},"content":{"rendered":"<p class=\"attachment\"><a href='https:\/\/www.substrate-consulting.com\/wp-content\/uploads\/CIMG2452.jpg'><img fetchpriority=\"high\" decoding=\"async\" width=\"300\" height=\"169\" src=\"https:\/\/www.substrate-consulting.com\/wp-content\/uploads\/CIMG2452-300x169.jpg\" class=\"attachment-medium size-medium\" alt=\"Contact with customers\" srcset=\"https:\/\/www.substrate-consulting.com\/wp-content\/uploads\/CIMG2452-300x169.jpg 300w, https:\/\/www.substrate-consulting.com\/wp-content\/uploads\/CIMG2452-1024x576.jpg 1024w, https:\/\/www.substrate-consulting.com\/wp-content\/uploads\/CIMG2452-768x432.jpg 768w, https:\/\/www.substrate-consulting.com\/wp-content\/uploads\/CIMG2452-1536x864.jpg 1536w, https:\/\/www.substrate-consulting.com\/wp-content\/uploads\/CIMG2452.jpg 1920w\" sizes=\"(max-width: 300px) 100vw, 300px\" \/><\/a><\/p>\n\t\t<div data-elementor-type=\"wp-page\" data-elementor-id=\"4910\" class=\"elementor elementor-4910 elementor-2962\">\n\t\t\t\t\t\t<section class=\"elementor-section elementor-top-section elementor-element elementor-element-2377521e elementor-section-boxed elementor-section-height-default elementor-section-height-default wpr-particle-no wpr-jarallax-no wpr-parallax-no wpr-sticky-section-no wpr-equal-height-no\" data-id=\"2377521e\" data-element_type=\"section\" data-e-type=\"section\">\n\t\t\t\t\t\t<div class=\"elementor-container elementor-column-gap-default\">\n\t\t\t\t\t<div class=\"elementor-column elementor-col-100 elementor-top-column elementor-element elementor-element-186bc853\" data-id=\"186bc853\" data-element_type=\"column\" data-e-type=\"column\">\n\t\t\t<div class=\"elementor-widget-wrap elementor-element-populated\">\n\t\t\t\t\t\t<div class=\"elementor-element elementor-element-712435cd elementor-widget elementor-widget-text-editor\" data-id=\"712435cd\" data-element_type=\"widget\" data-e-type=\"widget\" data-widget_type=\"text-editor.default\">\n\t\t\t\t<div class=\"elementor-widget-container\">\n\t\t\t\t\t\t\t\t\tEnfin, l&rsquo;objectif d&rsquo;une entreprise est de produire et de vendre le produit que le client souhaite acheter.\n<\/br>\nLa connaissance du march\u00e9 est donc essentielle.\n<\/br>\nPour faire le lien entre le produit que le client veut et les possibilit\u00e9s de le produire, nous visitons souvent le march\u00e9 ensemble pour comprendre la demande et aussi pour comprendre les d\u00e9fis pour le producteur.\n<\/br>\nEnsemble, nous pouvons cr\u00e9er des produits sp\u00e9ciaux, adapt\u00e9s sur le march\u00e9.\n<\/br>\n<\/br>\nSouvent aussi, nos clients organisent un s\u00e9minaire dans lequel, par exemple, les producteurs sont invit\u00e9s \u00e0 \u00e9couter et \u00e0 discuter des substrats.\n<\/br>\n<\/br>\nNous sommes heureux de vous aider \u00e0 vous rapprocher de votre march\u00e9. <a href=\"mailto:info@substrate-consulting.nl\">info@substrate-consulting.nl<\/a>\n\n&nbsp;\t\t\t\t\t\t\t\t<\/div>\n\t\t\t\t<\/div>\n\t\t\t\t\t<\/div>\n\t\t<\/div>\n\t\t\t\t\t<\/div>\n\t\t<\/section>\n\t\t\t\t<section class=\"elementor-section elementor-top-section elementor-element elementor-element-4210e2bc elementor-section-boxed elementor-section-height-default elementor-section-height-default wpr-particle-no wpr-jarallax-no wpr-parallax-no wpr-sticky-section-no wpr-equal-height-no\" data-id=\"4210e2bc\" data-element_type=\"section\" data-e-type=\"section\">\n\t\t\t\t\t\t<div class=\"elementor-container elementor-column-gap-default\">\n\t\t\t\t\t<div class=\"elementor-column elementor-col-100 elementor-top-column elementor-element elementor-element-1ae140a\" data-id=\"1ae140a\" data-element_type=\"column\" data-e-type=\"column\">\n\t\t\t<div class=\"elementor-widget-wrap elementor-element-populated\">\n\t\t\t\t\t\t<div class=\"elementor-element elementor-element-4f7a4e39 wpr-grid-columns-4 wpr-grid-columns--tablet3 wpr-grid-columns--mobile1 elementor-widget elementor-widget-wpr-media-grid\" data-id=\"4f7a4e39\" data-element_type=\"widget\" data-e-type=\"widget\" data-widget_type=\"wpr-media-grid.default\">\n\t\t\t\t<div class=\"elementor-widget-container\">\n\t\t\t\t\t<section class=\"wpr-grid wpr-media-grid elementor-clearfix\" data-settings=\"{&quot;layout&quot;:&quot;masonry&quot;,&quot;columns_desktop&quot;:&quot;4&quot;,&quot;gutter_hr&quot;:10,&quot;gutter_hr_mobile&quot;:10,&quot;gutter_hr_mobile_extra&quot;:10,&quot;gutter_hr_tablet&quot;:10,&quot;gutter_hr_tablet_extra&quot;:10,&quot;gutter_hr_laptop&quot;:10,&quot;gutter_hr_widescreen&quot;:10,&quot;gutter_vr&quot;:10,&quot;gutter_vr_mobile&quot;:10,&quot;gutter_vr_mobile_extra&quot;:10,&quot;gutter_vr_tablet&quot;:10,&quot;gutter_vr_tablet_extra&quot;:10,&quot;gutter_vr_laptop&quot;:10,&quot;gutter_vr_widescreen&quot;:10,&quot;animation&quot;:&quot;default&quot;,&quot;animation_duration&quot;:0.3,&quot;animation_delay&quot;:0.1,&quot;deeplinking&quot;:&quot;&quot;,&quot;filters_default_filter&quot;:&quot;&quot;,&quot;filters_linkable&quot;:&quot;no&quot;,&quot;filters_count&quot;:&quot;&quot;,&quot;filters_hide_empty&quot;:&quot;no&quot;,&quot;filters_animation&quot;:&quot;default&quot;,&quot;filters_animation_duration&quot;:0.3,&quot;filters_animation_delay&quot;:0.1,&quot;pagination_type&quot;:&quot;load-more&quot;,&quot;pagination_max_pages&quot;:1,&quot;lightbox&quot;:{&quot;selector&quot;:&quot;.wpr-grid-image-wrap&quot;,&quot;iframeMaxWidth&quot;:&quot;60%&quot;,&quot;hash&quot;:false,&quot;autoplay&quot;:&quot;true&quot;,&quot;pause&quot;:5000,&quot;progressBar&quot;:&quot;true&quot;,&quot;counter&quot;:&quot;true&quot;,&quot;controls&quot;:&quot;true&quot;,&quot;getCaptionFromTitleOrAlt&quot;:&quot;true&quot;,&quot;thumbnail&quot;:&quot;&quot;,&quot;showThumbByDefault&quot;:&quot;&quot;,&quot;share&quot;:&quot;&quot;,&quot;zoom&quot;:&quot;true&quot;,&quot;fullScreen&quot;:&quot;true&quot;,&quot;download&quot;:&quot;true&quot;}}\"><article class=\"wpr-grid-item elementor-clearfix post-4678 attachment type-attachment status-inherit hentry\"><div class=\"wpr-grid-item-inner\"><div class=\"wpr-grid-media-wrap wpr-effect-size-small \"><div class=\"wpr-grid-image-wrap\" data-src=\"https:\/\/www.substrate-consulting.com\/wp-content\/uploads\/L1180164.jpg\"><img decoding=\"async\" src=\"https:\/\/www.substrate-consulting.com\/wp-content\/uploads\/L1180164.jpg\" alt=\"Contact with customers\" class=\"wpr-anim-timing-ease-default\"><\/div><div class=\"wpr-grid-media-hover wpr-animation-wrap\"><div class=\"wpr-grid-media-hover-bg  wpr-overlay-fade-in wpr-anim-size-large wpr-anim-timing-ease-default wpr-anim-transparency\" data-url=\"https:\/\/www.substrate-consulting.com\/fr\/l1180164-2\/\"><\/div><div class=\"wpr-cv-container\"><div class=\"wpr-cv-outer\"><div class=\"wpr-cv-inner\"><div class=\"wpr-grid-media-hover-middle elementor-clearfix\"><div class=\"wpr-grid-item-lightbox elementor-repeater-item-704f68d wpr-grid-item-display-block wpr-grid-item-align-center wpr-element-fade-in wpr-anim-size-large wpr-anim-timing-ease-default wpr-anim-transparency\"><div class=\"inner-block\"><span data-src=\"https:\/\/www.substrate-consulting.com\/wp-content\/uploads\/L1180164.jpg\"><i class=\"fas fa-search\"><\/i><\/span><div class=\"wpr-grid-lightbox-overlay\"><\/div><\/div><\/div><\/div><\/div><\/div><\/div><\/div><\/div><\/div><\/article><article class=\"wpr-grid-item elementor-clearfix post-4676 attachment type-attachment status-inherit hentry\"><div class=\"wpr-grid-item-inner\"><div class=\"wpr-grid-media-wrap wpr-effect-size-small \"><div class=\"wpr-grid-image-wrap\" data-src=\"https:\/\/www.substrate-consulting.com\/wp-content\/uploads\/CIMG2466.jpg\"><img decoding=\"async\" src=\"https:\/\/www.substrate-consulting.com\/wp-content\/uploads\/CIMG2466.jpg\" alt=\"Contact with customers\" class=\"wpr-anim-timing-ease-default\"><\/div><div class=\"wpr-grid-media-hover wpr-animation-wrap\"><div class=\"wpr-grid-media-hover-bg  wpr-overlay-fade-in wpr-anim-size-large wpr-anim-timing-ease-default wpr-anim-transparency\" data-url=\"https:\/\/www.substrate-consulting.com\/fr\/cimg2466-2\/\"><\/div><div class=\"wpr-cv-container\"><div class=\"wpr-cv-outer\"><div class=\"wpr-cv-inner\"><div class=\"wpr-grid-media-hover-middle elementor-clearfix\"><div class=\"wpr-grid-item-lightbox elementor-repeater-item-704f68d wpr-grid-item-display-block wpr-grid-item-align-center wpr-element-fade-in wpr-anim-size-large wpr-anim-timing-ease-default wpr-anim-transparency\"><div class=\"inner-block\"><span data-src=\"https:\/\/www.substrate-consulting.com\/wp-content\/uploads\/CIMG2466.jpg\"><i class=\"fas fa-search\"><\/i><\/span><div class=\"wpr-grid-lightbox-overlay\"><\/div><\/div><\/div><\/div><\/div><\/div><\/div><\/div><\/div><\/div><\/article><article class=\"wpr-grid-item elementor-clearfix post-4672 attachment type-attachment status-inherit hentry\"><div class=\"wpr-grid-item-inner\"><div class=\"wpr-grid-media-wrap wpr-effect-size-small \"><div class=\"wpr-grid-image-wrap\" data-src=\"https:\/\/www.substrate-consulting.com\/wp-content\/uploads\/L1180259.jpg\"><img decoding=\"async\" src=\"https:\/\/www.substrate-consulting.com\/wp-content\/uploads\/L1180259.jpg\" alt=\"Contact with customers\" class=\"wpr-anim-timing-ease-default\"><\/div><div class=\"wpr-grid-media-hover wpr-animation-wrap\"><div class=\"wpr-grid-media-hover-bg  wpr-overlay-fade-in wpr-anim-size-large wpr-anim-timing-ease-default wpr-anim-transparency\" data-url=\"https:\/\/www.substrate-consulting.com\/fr\/l1180259-2\/\"><\/div><div class=\"wpr-cv-container\"><div class=\"wpr-cv-outer\"><div class=\"wpr-cv-inner\"><div class=\"wpr-grid-media-hover-middle elementor-clearfix\"><div class=\"wpr-grid-item-lightbox elementor-repeater-item-704f68d wpr-grid-item-display-block wpr-grid-item-align-center wpr-element-fade-in wpr-anim-size-large wpr-anim-timing-ease-default wpr-anim-transparency\"><div class=\"inner-block\"><span data-src=\"https:\/\/www.substrate-consulting.com\/wp-content\/uploads\/L1180259.jpg\"><i class=\"fas fa-search\"><\/i><\/span><div class=\"wpr-grid-lightbox-overlay\"><\/div><\/div><\/div><\/div><\/div><\/div><\/div><\/div><\/div><\/div><\/article><article class=\"wpr-grid-item elementor-clearfix post-4674 attachment type-attachment status-inherit hentry\"><div class=\"wpr-grid-item-inner\"><div class=\"wpr-grid-media-wrap wpr-effect-size-small \"><div class=\"wpr-grid-image-wrap\" data-src=\"https:\/\/www.substrate-consulting.com\/wp-content\/uploads\/CIMG2452.jpg\"><img decoding=\"async\" src=\"https:\/\/www.substrate-consulting.com\/wp-content\/uploads\/CIMG2452.jpg\" alt=\"Contact with customers\" class=\"wpr-anim-timing-ease-default\"><\/div><div class=\"wpr-grid-media-hover wpr-animation-wrap\"><div class=\"wpr-grid-media-hover-bg  wpr-overlay-fade-in wpr-anim-size-large wpr-anim-timing-ease-default wpr-anim-transparency\" data-url=\"https:\/\/www.substrate-consulting.com\/fr\/cimg2452-2\/\"><\/div><div class=\"wpr-cv-container\"><div class=\"wpr-cv-outer\"><div class=\"wpr-cv-inner\"><div class=\"wpr-grid-media-hover-middle elementor-clearfix\"><div class=\"wpr-grid-item-lightbox elementor-repeater-item-704f68d wpr-grid-item-display-block wpr-grid-item-align-center wpr-element-fade-in wpr-anim-size-large wpr-anim-timing-ease-default wpr-anim-transparency\"><div class=\"inner-block\"><span data-src=\"https:\/\/www.substrate-consulting.com\/wp-content\/uploads\/CIMG2452.jpg\"><i class=\"fas fa-search\"><\/i><\/span><div class=\"wpr-grid-lightbox-overlay\"><\/div><\/div><\/div><\/div><\/div><\/div><\/div><\/div><\/div><\/div><\/article><\/section>\t\t\t\t<\/div>\n\t\t\t\t<\/div>\n\t\t\t\t\t<\/div>\n\t\t<\/div>\n\t\t\t\t\t<\/div>\n\t\t<\/section>\n\t\t\t\t<section class=\"elementor-section elementor-top-section elementor-element elementor-element-12aaf68 elementor-section-boxed elementor-section-height-default elementor-section-height-default wpr-particle-no wpr-jarallax-no wpr-parallax-no wpr-sticky-section-no wpr-equal-height-no\" data-id=\"12aaf68\" data-element_type=\"section\" data-e-type=\"section\">\n\t\t\t\t\t\t<div class=\"elementor-container elementor-column-gap-default\">\n\t\t\t\t\t<div class=\"elementor-column elementor-col-50 elementor-top-column elementor-element elementor-element-aa48442\" data-id=\"aa48442\" data-element_type=\"column\" data-e-type=\"column\">\n\t\t\t<div class=\"elementor-widget-wrap elementor-element-populated\">\n\t\t\t\t\t\t<div class=\"elementor-element elementor-element-2acd2b2 elementor-align-left elementor-widget elementor-widget-button\" data-id=\"2acd2b2\" data-element_type=\"widget\" data-e-type=\"widget\" data-widget_type=\"button.default\">\n\t\t\t\t<div class=\"elementor-widget-container\">\n\t\t\t\t\t\t\t\t\t<div class=\"elementor-button-wrapper\">\n\t\t\t\t\t<a class=\"elementor-button elementor-button-link elementor-size-sm\" href=\"https:\/\/www.substrate-consulting.com\/fr\/page-de-garde\/accompagnement-de-votre-equipe-commerciale\/\">\n\t\t\t\t\t\t<span class=\"elementor-button-content-wrapper\">\n\t\t\t\t\t\t<span class=\"elementor-button-icon\">\n\t\t\t\t<i aria-hidden=\"true\" class=\"fas fa-angle-left\"><\/i>\t\t\t<\/span>\n\t\t\t\t\t\t\t\t\t<span class=\"elementor-button-text\">Accompagnement de votre \u00e9quipe commerciale<\/span>\n\t\t\t\t\t<\/span>\n\t\t\t\t\t<\/a>\n\t\t\t\t<\/div>\n\t\t\t\t\t\t\t\t<\/div>\n\t\t\t\t<\/div>\n\t\t\t\t\t<\/div>\n\t\t<\/div>\n\t\t\t\t<div class=\"elementor-column elementor-col-50 elementor-top-column elementor-element elementor-element-7f2b81f\" data-id=\"7f2b81f\" data-element_type=\"column\" data-e-type=\"column\">\n\t\t\t<div class=\"elementor-widget-wrap elementor-element-populated\">\n\t\t\t\t\t\t<div class=\"elementor-element elementor-element-12f2968 elementor-align-right elementor-widget elementor-widget-button\" data-id=\"12f2968\" data-element_type=\"widget\" data-e-type=\"widget\" data-widget_type=\"button.default\">\n\t\t\t\t<div class=\"elementor-widget-container\">\n\t\t\t\t\t\t\t\t\t<div class=\"elementor-button-wrapper\">\n\t\t\t\t\t<a class=\"elementor-button elementor-button-link elementor-size-sm\" href=\"https:\/\/www.substrate-consulting.com\/fr\/page-de-garde\/formation-de-votre-equipe-de-production\/\">\n\t\t\t\t\t\t<span class=\"elementor-button-content-wrapper\">\n\t\t\t\t\t\t<span class=\"elementor-button-icon\">\n\t\t\t\t<i aria-hidden=\"true\" class=\"fas fa-angle-right\"><\/i>\t\t\t<\/span>\n\t\t\t\t\t\t\t\t\t<span class=\"elementor-button-text\">Formation de votre \u00e9quipe de production<\/span>\n\t\t\t\t\t<\/span>\n\t\t\t\t\t<\/a>\n\t\t\t\t<\/div>\n\t\t\t\t\t\t\t\t<\/div>\n\t\t\t\t<\/div>\n\t\t\t\t\t<\/div>\n\t\t<\/div>\n\t\t\t\t\t<\/div>\n\t\t<\/section>\n\t\t\t\t<\/div>\n\t\t","protected":false},"excerpt":{"rendered":"<p>Enfin, l&rsquo;objectif d&rsquo;une entreprise est de produire et de vendre le produit que le client souhaite acheter. La connaissance du march\u00e9 est donc essentielle. Pour faire le lien entre le produit que le client veut et les possibilit\u00e9s de le produire, nous visitons souvent le march\u00e9 ensemble pour comprendre la demande et aussi pour comprendre les d\u00e9fis pour le producteur. Ensemble, nous pouvons cr\u00e9er des produits sp\u00e9ciaux, adapt\u00e9s sur le march\u00e9. Souvent aussi, nos clients organisent un s\u00e9minaire dans lequel, par exemple, les producteurs sont invit\u00e9s \u00e0 \u00e9couter et \u00e0 discuter des substrats. Nous sommes heureux de vous aider \u00e0 vous rapprocher de votre march\u00e9. info@substrate-consulting.nl &nbsp; Accompagnement de votre \u00e9quipe commerciale Formation de votre \u00e9quipe de production<\/p>\n","protected":false},"author":1,"featured_media":0,"parent":4876,"menu_order":14,"comment_status":"closed","ping_status":"closed","template":"templates\/page-fullwidth_template.php","meta":{"footnotes":""},"class_list":["post-4910","page","type-page","status-publish","hentry"],"_links":{"self":[{"href":"https:\/\/www.substrate-consulting.com\/fr\/wp-json\/wp\/v2\/pages\/4910","targetHints":{"allow":["GET"]}}],"collection":[{"href":"https:\/\/www.substrate-consulting.com\/fr\/wp-json\/wp\/v2\/pages"}],"about":[{"href":"https:\/\/www.substrate-consulting.com\/fr\/wp-json\/wp\/v2\/types\/page"}],"author":[{"embeddable":true,"href":"https:\/\/www.substrate-consulting.com\/fr\/wp-json\/wp\/v2\/users\/1"}],"replies":[{"embeddable":true,"href":"https:\/\/www.substrate-consulting.com\/fr\/wp-json\/wp\/v2\/comments?post=4910"}],"version-history":[{"count":9,"href":"https:\/\/www.substrate-consulting.com\/fr\/wp-json\/wp\/v2\/pages\/4910\/revisions"}],"predecessor-version":[{"id":6265,"href":"https:\/\/www.substrate-consulting.com\/fr\/wp-json\/wp\/v2\/pages\/4910\/revisions\/6265"}],"up":[{"embeddable":true,"href":"https:\/\/www.substrate-consulting.com\/fr\/wp-json\/wp\/v2\/pages\/4876"}],"wp:attachment":[{"href":"https:\/\/www.substrate-consulting.com\/fr\/wp-json\/wp\/v2\/media?parent=4910"}],"curies":[{"name":"wp","href":"https:\/\/api.w.org\/{rel}","templated":true}]}}