{"id":4908,"date":"2023-05-15T21:31:41","date_gmt":"2023-05-15T19:31:41","guid":{"rendered":"https:\/\/redpilldesign.nl\/isc\/page-de-garde\/formation-de-votre-equipe-de-production\/"},"modified":"2024-01-15T20:16:35","modified_gmt":"2024-01-15T19:16:35","slug":"formation-de-votre-equipe-de-production","status":"publish","type":"page","link":"https:\/\/www.substrate-consulting.com\/fr\/page-de-garde\/formation-de-votre-equipe-de-production\/","title":{"rendered":"Formation de votre \u00e9quipe de production"},"content":{"rendered":"<p class=\"attachment\"><a href='https:\/\/www.substrate-consulting.com\/wp-content\/uploads\/ProdTeam2.jpg'><img fetchpriority=\"high\" decoding=\"async\" width=\"300\" height=\"200\" src=\"https:\/\/www.substrate-consulting.com\/wp-content\/uploads\/ProdTeam2-300x200.jpg\" class=\"attachment-medium size-medium\" alt=\"Training productionteam\" srcset=\"https:\/\/www.substrate-consulting.com\/wp-content\/uploads\/ProdTeam2-300x200.jpg 300w, https:\/\/www.substrate-consulting.com\/wp-content\/uploads\/ProdTeam2-1024x682.jpg 1024w, https:\/\/www.substrate-consulting.com\/wp-content\/uploads\/ProdTeam2-768x512.jpg 768w, https:\/\/www.substrate-consulting.com\/wp-content\/uploads\/ProdTeam2-1536x1023.jpg 1536w, https:\/\/www.substrate-consulting.com\/wp-content\/uploads\/ProdTeam2.jpg 1600w\" sizes=\"(max-width: 300px) 100vw, 300px\" \/><\/a><\/p>\n\t\t<div data-elementor-type=\"wp-page\" data-elementor-id=\"4908\" class=\"elementor elementor-4908 elementor-2978\">\n\t\t\t\t\t\t<section class=\"elementor-section elementor-top-section elementor-element elementor-element-2377521e elementor-section-boxed elementor-section-height-default elementor-section-height-default wpr-particle-no wpr-jarallax-no wpr-parallax-no wpr-sticky-section-no wpr-column-slider-no wpr-equal-height-no\" data-id=\"2377521e\" data-element_type=\"section\" data-e-type=\"section\">\n\t\t\t\t\t\t<div class=\"elementor-container elementor-column-gap-default\">\n\t\t\t\t\t<div class=\"elementor-column elementor-col-100 elementor-top-column elementor-element elementor-element-186bc853\" data-id=\"186bc853\" data-element_type=\"column\" data-e-type=\"column\">\n\t\t\t<div class=\"elementor-widget-wrap elementor-element-populated\">\n\t\t\t\t\t\t<div class=\"elementor-element elementor-element-712435cd elementor-widget elementor-widget-text-editor\" data-id=\"712435cd\" data-element_type=\"widget\" data-e-type=\"widget\" data-widget_type=\"text-editor.default\">\n\t\t\t\t<div class=\"elementor-widget-container\">\n\t\t\t\t\t\t\t\t\tVos produits doivent \u00eatre uniformes et s\u00fbrs \u00e0 chaque lot. C&rsquo;est ce dont votre client a besoin.\n<\/br>\nPar cons\u00e9quent, la qualit\u00e9 et l&rsquo;uniformit\u00e9 de vos mati\u00e8res premi\u00e8res sont importantes \u00e0 contr\u00f4ler. Nous vous aidons \u00e0 juger de la qualit\u00e9 de vos mati\u00e8res premi\u00e8res.\n<\/br>\nUn autre \u00e9l\u00e9ment est le volume\u2026 comment mesurer de mani\u00e8re \u00e0 ce que vous et votre client soyez tous les deux OK.\n<\/br>\nParce que le terreau est g\u00e9n\u00e9ralement un m\u00e9lange avec des mati\u00e8res premi\u00e8res (co\u00fbteuses) et qu&rsquo;il est important de bien m\u00e9langer avec le moins de d\u00e9g\u00e2ts possible.\n<\/br>\nIl y a aussi le contr\u00f4le du produit final : la structure est-elle conforme aux attentes ? Le CE est-il d&rsquo;accord ? le pH est-il comme demand\u00e9? etc.\n<\/br>\nPour \u00eatre s\u00fbr d&rsquo;avoir fait du bon travail, un bon \u00e9chantillon est n\u00e9cessaire ainsi que le stockage des contre-\u00e9chantillons apr\u00e8s production.\n<\/br>\n<\/br>\nCe ne sont que quelques \u00e9l\u00e9ments qui sont tr\u00e8s importants dans la production. Nous sommes pr\u00eats \u00e0 vous aider \u00e0 r\u00e9soudre ce probl\u00e8me en fonction de votre situation. <a href=\"mailto:info@substrate-consulting.nl\">info@substrate-consulting.nl<\/a>\t\t\t\t\t\t\t\t<\/div>\n\t\t\t\t<\/div>\n\t\t\t\t\t<\/div>\n\t\t<\/div>\n\t\t\t\t\t<\/div>\n\t\t<\/section>\n\t\t\t\t<section class=\"elementor-section elementor-top-section elementor-element elementor-element-2ef96fef elementor-section-boxed elementor-section-height-default elementor-section-height-default wpr-particle-no wpr-jarallax-no wpr-parallax-no wpr-sticky-section-no wpr-column-slider-no wpr-equal-height-no\" data-id=\"2ef96fef\" data-element_type=\"section\" data-e-type=\"section\">\n\t\t\t\t\t\t<div class=\"elementor-container elementor-column-gap-default\">\n\t\t\t\t\t<div class=\"elementor-column elementor-col-100 elementor-top-column elementor-element elementor-element-431f3a59\" data-id=\"431f3a59\" data-element_type=\"column\" data-e-type=\"column\">\n\t\t\t<div class=\"elementor-widget-wrap elementor-element-populated\">\n\t\t\t\t\t\t<div class=\"elementor-element elementor-element-58d96f8f wpr-grid-columns-3 wpr-grid-columns--tablet3 wpr-grid-columns--mobile1 elementor-widget elementor-widget-wpr-media-grid\" data-id=\"58d96f8f\" data-element_type=\"widget\" data-e-type=\"widget\" data-widget_type=\"wpr-media-grid.default\">\n\t\t\t\t<div class=\"elementor-widget-container\">\n\t\t\t\t\t<section class=\"wpr-grid wpr-media-grid elementor-clearfix\" data-settings=\"{&quot;layout&quot;:&quot;masonry&quot;,&quot;columns_desktop&quot;:&quot;3&quot;,&quot;gutter_hr&quot;:10,&quot;gutter_hr_mobile&quot;:10,&quot;gutter_hr_mobile_extra&quot;:10,&quot;gutter_hr_tablet&quot;:10,&quot;gutter_hr_tablet_extra&quot;:10,&quot;gutter_hr_laptop&quot;:10,&quot;gutter_hr_widescreen&quot;:10,&quot;gutter_vr&quot;:10,&quot;gutter_vr_mobile&quot;:10,&quot;gutter_vr_mobile_extra&quot;:10,&quot;gutter_vr_tablet&quot;:10,&quot;gutter_vr_tablet_extra&quot;:10,&quot;gutter_vr_laptop&quot;:10,&quot;gutter_vr_widescreen&quot;:10,&quot;animation&quot;:&quot;default&quot;,&quot;animation_duration&quot;:0.3,&quot;animation_delay&quot;:0.1,&quot;deeplinking&quot;:&quot;&quot;,&quot;filters_default_filter&quot;:&quot;&quot;,&quot;filters_linkable&quot;:&quot;no&quot;,&quot;filters_count&quot;:&quot;&quot;,&quot;filters_hide_empty&quot;:&quot;no&quot;,&quot;filters_animation&quot;:&quot;default&quot;,&quot;filters_animation_duration&quot;:0.3,&quot;filters_animation_delay&quot;:0.1,&quot;pagination_type&quot;:&quot;load-more&quot;,&quot;pagination_max_pages&quot;:1,&quot;lightbox&quot;:{&quot;selector&quot;:&quot;.wpr-grid-image-wrap&quot;,&quot;iframeMaxWidth&quot;:&quot;60%&quot;,&quot;hash&quot;:false,&quot;autoplay&quot;:&quot;true&quot;,&quot;pause&quot;:5000,&quot;progressBar&quot;:&quot;true&quot;,&quot;counter&quot;:&quot;true&quot;,&quot;controls&quot;:&quot;true&quot;,&quot;getCaptionFromTitleOrAlt&quot;:&quot;true&quot;,&quot;thumbnail&quot;:&quot;&quot;,&quot;showThumbByDefault&quot;:&quot;&quot;,&quot;share&quot;:&quot;&quot;,&quot;zoom&quot;:&quot;true&quot;,&quot;fullScreen&quot;:&quot;true&quot;,&quot;download&quot;:&quot;true&quot;}}\"><article class=\"wpr-grid-item elementor-clearfix post-4632 attachment type-attachment status-inherit hentry\"><div class=\"wpr-grid-item-inner\"><div class=\"wpr-grid-media-wrap wpr-effect-size-small \"><div class=\"wpr-grid-image-wrap\" data-src=\"https:\/\/www.substrate-consulting.com\/wp-content\/uploads\/naamloos.png\"><img decoding=\"async\" src=\"https:\/\/www.substrate-consulting.com\/wp-content\/uploads\/naamloos.png\" alt=\"Training productionteam\" class=\"wpr-anim-timing-ease-default\"><\/div><div class=\"wpr-grid-media-hover wpr-animation-wrap\"><div class=\"wpr-grid-media-hover-bg  wpr-overlay-fade-in wpr-anim-size-large wpr-anim-timing-ease-default wpr-anim-transparency\" data-url=\"https:\/\/www.substrate-consulting.com\/fr\/naamloos-2\/\"><\/div><div class=\"wpr-cv-container\"><div class=\"wpr-cv-outer\"><div class=\"wpr-cv-inner\"><div class=\"wpr-grid-media-hover-middle elementor-clearfix\"><div class=\"wpr-grid-item-lightbox elementor-repeater-item-704f68d wpr-grid-item-display-block wpr-grid-item-align-center wpr-element-fade-in wpr-anim-size-large wpr-anim-timing-ease-default wpr-anim-transparency\"><div class=\"inner-block\"><span data-src=\"https:\/\/www.substrate-consulting.com\/wp-content\/uploads\/naamloos.png\"><i class=\"fas fa-search\"><\/i><\/span><div class=\"wpr-grid-lightbox-overlay\"><\/div><\/div><\/div><\/div><\/div><\/div><\/div><\/div><\/div><\/div><\/article><article class=\"wpr-grid-item elementor-clearfix post-4654 attachment type-attachment status-inherit hentry\"><div class=\"wpr-grid-item-inner\"><div class=\"wpr-grid-media-wrap wpr-effect-size-small \"><div class=\"wpr-grid-image-wrap\" data-src=\"https:\/\/www.substrate-consulting.com\/wp-content\/uploads\/ProdTeam3.jpg\"><img decoding=\"async\" src=\"https:\/\/www.substrate-consulting.com\/wp-content\/uploads\/ProdTeam3.jpg\" alt=\"Training productionteam\" class=\"wpr-anim-timing-ease-default\"><\/div><div class=\"wpr-grid-media-hover wpr-animation-wrap\"><div class=\"wpr-grid-media-hover-bg  wpr-overlay-fade-in wpr-anim-size-large wpr-anim-timing-ease-default wpr-anim-transparency\" data-url=\"https:\/\/www.substrate-consulting.com\/fr\/prodteam3-2\/\"><\/div><div class=\"wpr-cv-container\"><div class=\"wpr-cv-outer\"><div class=\"wpr-cv-inner\"><div class=\"wpr-grid-media-hover-middle elementor-clearfix\"><div class=\"wpr-grid-item-lightbox elementor-repeater-item-704f68d wpr-grid-item-display-block wpr-grid-item-align-center wpr-element-fade-in wpr-anim-size-large wpr-anim-timing-ease-default wpr-anim-transparency\"><div class=\"inner-block\"><span data-src=\"https:\/\/www.substrate-consulting.com\/wp-content\/uploads\/ProdTeam3.jpg\"><i class=\"fas fa-search\"><\/i><\/span><div class=\"wpr-grid-lightbox-overlay\"><\/div><\/div><\/div><\/div><\/div><\/div><\/div><\/div><\/div><\/div><\/article><article class=\"wpr-grid-item elementor-clearfix post-4656 attachment type-attachment status-inherit hentry\"><div class=\"wpr-grid-item-inner\"><div class=\"wpr-grid-media-wrap wpr-effect-size-small \"><div class=\"wpr-grid-image-wrap\" data-src=\"https:\/\/www.substrate-consulting.com\/wp-content\/uploads\/ProdTeam2.jpg\"><img decoding=\"async\" src=\"https:\/\/www.substrate-consulting.com\/wp-content\/uploads\/ProdTeam2.jpg\" alt=\"Training productionteam\" class=\"wpr-anim-timing-ease-default\"><\/div><div class=\"wpr-grid-media-hover wpr-animation-wrap\"><div class=\"wpr-grid-media-hover-bg  wpr-overlay-fade-in wpr-anim-size-large wpr-anim-timing-ease-default wpr-anim-transparency\" data-url=\"https:\/\/www.substrate-consulting.com\/fr\/prodteam2-2\/\"><\/div><div class=\"wpr-cv-container\"><div class=\"wpr-cv-outer\"><div class=\"wpr-cv-inner\"><div class=\"wpr-grid-media-hover-middle elementor-clearfix\"><div class=\"wpr-grid-item-lightbox elementor-repeater-item-704f68d wpr-grid-item-display-block wpr-grid-item-align-center wpr-element-fade-in wpr-anim-size-large wpr-anim-timing-ease-default wpr-anim-transparency\"><div class=\"inner-block\"><span data-src=\"https:\/\/www.substrate-consulting.com\/wp-content\/uploads\/ProdTeam2.jpg\"><i class=\"fas fa-search\"><\/i><\/span><div class=\"wpr-grid-lightbox-overlay\"><\/div><\/div><\/div><\/div><\/div><\/div><\/div><\/div><\/div><\/div><\/article><\/section>\t\t\t\t<\/div>\n\t\t\t\t<\/div>\n\t\t\t\t\t<\/div>\n\t\t<\/div>\n\t\t\t\t\t<\/div>\n\t\t<\/section>\n\t\t\t\t<section class=\"elementor-section elementor-top-section elementor-element elementor-element-12aaf68 elementor-section-boxed elementor-section-height-default elementor-section-height-default wpr-particle-no wpr-jarallax-no wpr-parallax-no wpr-sticky-section-no wpr-column-slider-no wpr-equal-height-no\" data-id=\"12aaf68\" data-element_type=\"section\" data-e-type=\"section\">\n\t\t\t\t\t\t<div class=\"elementor-container elementor-column-gap-default\">\n\t\t\t\t\t<div class=\"elementor-column elementor-col-50 elementor-top-column elementor-element elementor-element-aa48442\" data-id=\"aa48442\" data-element_type=\"column\" data-e-type=\"column\">\n\t\t\t<div class=\"elementor-widget-wrap elementor-element-populated\">\n\t\t\t\t\t\t<div class=\"elementor-element elementor-element-2acd2b2 elementor-align-left elementor-widget elementor-widget-button\" data-id=\"2acd2b2\" data-element_type=\"widget\" data-e-type=\"widget\" data-widget_type=\"button.default\">\n\t\t\t\t<div class=\"elementor-widget-container\">\n\t\t\t\t\t\t\t\t\t<div class=\"elementor-button-wrapper\">\n\t\t\t\t\t<a class=\"elementor-button elementor-button-link elementor-size-sm\" href=\"https:\/\/www.substrate-consulting.com\/fr\/page-de-garde\/contact-avec-vos-clients\/\">\n\t\t\t\t\t\t<span class=\"elementor-button-content-wrapper\">\n\t\t\t\t\t\t<span class=\"elementor-button-icon\">\n\t\t\t\t<i aria-hidden=\"true\" class=\"fas fa-angle-left\"><\/i>\t\t\t<\/span>\n\t\t\t\t\t\t\t\t\t<span class=\"elementor-button-text\">Contact avec vos clients<\/span>\n\t\t\t\t\t<\/span>\n\t\t\t\t\t<\/a>\n\t\t\t\t<\/div>\n\t\t\t\t\t\t\t\t<\/div>\n\t\t\t\t<\/div>\n\t\t\t\t\t<\/div>\n\t\t<\/div>\n\t\t\t\t<div class=\"elementor-column elementor-col-50 elementor-top-column elementor-element elementor-element-7f2b81f\" data-id=\"7f2b81f\" data-element_type=\"column\" data-e-type=\"column\">\n\t\t\t<div class=\"elementor-widget-wrap elementor-element-populated\">\n\t\t\t\t\t\t<div class=\"elementor-element elementor-element-12f2968 elementor-align-right elementor-widget elementor-widget-button\" data-id=\"12f2968\" data-element_type=\"widget\" data-e-type=\"widget\" data-widget_type=\"button.default\">\n\t\t\t\t<div class=\"elementor-widget-container\">\n\t\t\t\t\t\t\t\t\t<div class=\"elementor-button-wrapper\">\n\t\t\t\t\t<a class=\"elementor-button elementor-button-link elementor-size-sm\" href=\"https:\/\/www.substrate-consulting.com\/fr\/page-de-garde\/formation-de-votre-equipe-qualite\/\">\n\t\t\t\t\t\t<span class=\"elementor-button-content-wrapper\">\n\t\t\t\t\t\t<span class=\"elementor-button-icon\">\n\t\t\t\t<i aria-hidden=\"true\" class=\"fas fa-angle-right\"><\/i>\t\t\t<\/span>\n\t\t\t\t\t\t\t\t\t<span class=\"elementor-button-text\">Formation de votre \u00e9quipe qualit\u00e9<\/span>\n\t\t\t\t\t<\/span>\n\t\t\t\t\t<\/a>\n\t\t\t\t<\/div>\n\t\t\t\t\t\t\t\t<\/div>\n\t\t\t\t<\/div>\n\t\t\t\t\t<\/div>\n\t\t<\/div>\n\t\t\t\t\t<\/div>\n\t\t<\/section>\n\t\t\t\t<\/div>\n\t\t","protected":false},"excerpt":{"rendered":"<p>Vos produits doivent \u00eatre uniformes et s\u00fbrs \u00e0 chaque lot. C&rsquo;est ce dont votre client a besoin. Par cons\u00e9quent, la qualit\u00e9 et l&rsquo;uniformit\u00e9 de vos mati\u00e8res premi\u00e8res sont importantes \u00e0 contr\u00f4ler. Nous vous aidons \u00e0 juger de la qualit\u00e9 de vos mati\u00e8res premi\u00e8res. Un autre \u00e9l\u00e9ment est le volume\u2026 comment mesurer de mani\u00e8re \u00e0 ce que vous et votre client soyez tous les deux OK. Parce que le terreau est g\u00e9n\u00e9ralement un m\u00e9lange avec des mati\u00e8res premi\u00e8res (co\u00fbteuses) et qu&rsquo;il est important de bien m\u00e9langer avec le moins de d\u00e9g\u00e2ts possible. Il y a aussi le contr\u00f4le du produit final : la structure est-elle conforme aux attentes ? Le CE est-il d&rsquo;accord ? le pH est-il comme demand\u00e9? etc. Pour \u00eatre s\u00fbr d&rsquo;avoir fait du bon travail, un bon \u00e9chantillon est n\u00e9cessaire ainsi que le stockage des contre-\u00e9chantillons apr\u00e8s production. Ce ne sont que quelques \u00e9l\u00e9ments qui sont tr\u00e8s importants dans la production. Nous sommes pr\u00eats \u00e0 vous aider \u00e0 r\u00e9soudre ce probl\u00e8me en fonction de votre situation. info@substrate-consulting.nl Contact avec vos clients Formation de votre \u00e9quipe qualit\u00e9<\/p>\n","protected":false},"author":1,"featured_media":0,"parent":4876,"menu_order":15,"comment_status":"closed","ping_status":"closed","template":"templates\/page-fullwidth_template.php","meta":{"footnotes":""},"class_list":["post-4908","page","type-page","status-publish","hentry"],"_links":{"self":[{"href":"https:\/\/www.substrate-consulting.com\/fr\/wp-json\/wp\/v2\/pages\/4908","targetHints":{"allow":["GET"]}}],"collection":[{"href":"https:\/\/www.substrate-consulting.com\/fr\/wp-json\/wp\/v2\/pages"}],"about":[{"href":"https:\/\/www.substrate-consulting.com\/fr\/wp-json\/wp\/v2\/types\/page"}],"author":[{"embeddable":true,"href":"https:\/\/www.substrate-consulting.com\/fr\/wp-json\/wp\/v2\/users\/1"}],"replies":[{"embeddable":true,"href":"https:\/\/www.substrate-consulting.com\/fr\/wp-json\/wp\/v2\/comments?post=4908"}],"version-history":[{"count":5,"href":"https:\/\/www.substrate-consulting.com\/fr\/wp-json\/wp\/v2\/pages\/4908\/revisions"}],"predecessor-version":[{"id":6268,"href":"https:\/\/www.substrate-consulting.com\/fr\/wp-json\/wp\/v2\/pages\/4908\/revisions\/6268"}],"up":[{"embeddable":true,"href":"https:\/\/www.substrate-consulting.com\/fr\/wp-json\/wp\/v2\/pages\/4876"}],"wp:attachment":[{"href":"https:\/\/www.substrate-consulting.com\/fr\/wp-json\/wp\/v2\/media?parent=4908"}],"curies":[{"name":"wp","href":"https:\/\/api.w.org\/{rel}","templated":true}]}}