{"id":4749,"date":"2023-05-09T21:36:24","date_gmt":"2023-05-09T19:36:24","guid":{"rendered":"https:\/\/redpilldesign.nl\/isc\/ecorce\/"},"modified":"2024-01-15T19:46:25","modified_gmt":"2024-01-15T18:46:25","slug":"ecorce","status":"publish","type":"page","link":"https:\/\/www.substrate-consulting.com\/fr\/page-de-garde\/ecorce\/","title":{"rendered":"\u00c9corce"},"content":{"rendered":"<p class=\"attachment\"><a href='https:\/\/www.substrate-consulting.com\/wp-content\/uploads\/elriml2u.png'><img fetchpriority=\"high\" decoding=\"async\" width=\"300\" height=\"200\" src=\"https:\/\/www.substrate-consulting.com\/wp-content\/uploads\/elriml2u-300x200.png\" class=\"attachment-medium size-medium\" alt=\"Bark\" srcset=\"https:\/\/www.substrate-consulting.com\/wp-content\/uploads\/elriml2u-300x200.png 300w, https:\/\/www.substrate-consulting.com\/wp-content\/uploads\/elriml2u-768x511.png 768w, https:\/\/www.substrate-consulting.com\/wp-content\/uploads\/elriml2u.png 1000w\" sizes=\"(max-width: 300px) 100vw, 300px\" \/><\/a><\/p>\n\t\t<div data-elementor-type=\"wp-page\" data-elementor-id=\"4749\" class=\"elementor elementor-4749 elementor-2740\">\n\t\t\t\t\t\t<section class=\"elementor-section elementor-top-section elementor-element elementor-element-2377521e elementor-section-boxed elementor-section-height-default elementor-section-height-default wpr-particle-no wpr-jarallax-no wpr-parallax-no wpr-sticky-section-no wpr-column-slider-no wpr-equal-height-no\" data-id=\"2377521e\" data-element_type=\"section\" data-e-type=\"section\">\n\t\t\t\t\t\t<div class=\"elementor-container elementor-column-gap-default\">\n\t\t\t\t\t<div class=\"elementor-column elementor-col-100 elementor-top-column elementor-element elementor-element-186bc853\" data-id=\"186bc853\" data-element_type=\"column\" data-e-type=\"column\">\n\t\t\t<div class=\"elementor-widget-wrap elementor-element-populated\">\n\t\t\t\t\t\t<div class=\"elementor-element elementor-element-712435cd elementor-widget elementor-widget-text-editor\" data-id=\"712435cd\" data-element_type=\"widget\" data-e-type=\"widget\" data-widget_type=\"text-editor.default\">\n\t\t\t\t<div class=\"elementor-widget-container\">\n\t\t\t\t\t\t\t\t\t<p>Depuis de nombreuses ann\u00e9es, l&rsquo;\u00e9corce est un additif pour les terreaux. L&rsquo;\u00e9corce du Pinus sylvestris est utilis\u00e9e car elle est abondamment disponible mais l&rsquo;inconv\u00e9nient de cette \u00e9corce est la stabilit\u00e9 : comme c&rsquo;est une \u00e9corce plut\u00f4t faible, elle se d\u00e9compose assez rapidement, ce que nous voulons \u00e9viter dans les substrats. Lors de la d\u00e9composition de l&rsquo;\u00e9corce, deux choses se produisent simultan\u00e9ment:<\/p>\n<ul>\n<li>La structure sera plus fine et donc le terreau perdra sa porosit\u00e9 \u00e0 l&rsquo;air<\/li>\n<li>et restera humide trop longtemps et les bact\u00e9ries utiliseront l&rsquo;azote donc N sera fix\u00e9 dans les bact\u00e9ries,<\/li>\n<\/ul>\n<p>ce qui peut \u00e9ventuellement nuire \u00e0 la culture, car il y a souvent un manque d&rsquo;azote trouv\u00e9.<\/p>\n<p>Pour ces raisons, une \u00e9corce de Pinus maritima est utilis\u00e9e. Cette \u00e9corce, de couleur plus rouge, est beaucoup plus dur que les autres types d&rsquo;\u00e9corce. La d\u00e9composition est donc plus lente et la r\u00e9traction du Nitrate est r\u00e9duite.<br>L&rsquo;origine du Pinus maritime est principalement le sud-ouest de l&rsquo;Europe. Les Landes de Gascogne (juste en dessous de Bordeaux, France) sont c\u00e9l\u00e8bres pour la culture de cet arbre. Vous pouvez \u00e9galement trouver cet arbre au Portugal et en Espagne (et de plus petites quantit\u00e9s en Italie et en Croatie).<br>Enfin, l&rsquo;\u00e9corce \u00e9tait un produit restant, utilis\u00e9 pour l&rsquo;industrie de la c\u00e9ramique (chauffage), mais au cours des derni\u00e8res d\u00e9cennies, cette \u00e9corce est devenue plus populaire pour les producteurs d&rsquo;orchid\u00e9es, les p\u00e9pini\u00e8res et aussi pour le paillage des jardins et autres.<\/p>\n<p>Maintenant qu&rsquo;il y a plus de possibilit\u00e9s (plus de fractions sont disponibles), l&rsquo;\u00e9corce est utilis\u00e9e dans de nombreux types de terreaux, \u00e9galement parce que la demande de terreaux sans tourbe augmente et que les producteurs recherchent des alternatives.<br>Comme il y a quelques ann\u00e9es, des probl\u00e8mes sont survenus avec l&rsquo;\u00e9corce du Portugal (ils ont trouv\u00e9 le Bursaphelenchus xylophilus), les restrictions \u00e0 l&rsquo;exportation ont augment\u00e9.<\/p>\n<p>L&rsquo;assainissement de Bark est tr\u00e8s important.<\/p>\n<p>Pour le moment l&rsquo;obligation est de chauffer le bois jusqu&rsquo;\u00e0 60oC dans une chambre sp\u00e9ciale et bien que la r\u00e8gle ait \u00e9t\u00e9 pendant un certain temps pour l&rsquo;\u00e9corce la m\u00eame temp\u00e9rature devait \u00eatre atteinte par auto-\u00e9chauffement (comme le font les fabriques de compost), de nos jours l&rsquo;\u00e9corce est aussi \u00e0 la vapeur. Apr\u00e8s cette proc\u00e9dure, aucune infection n&rsquo;a \u00e9t\u00e9 trouv\u00e9e et l&rsquo;\u00e9corce peut donc \u00eatre utilis\u00e9e en toute s\u00e9curit\u00e9. Les raisons d&rsquo;utiliser l&rsquo;\u00e9corce dans les terreaux peuvent varier. Lorsque l&rsquo;\u00e9corce est utilis\u00e9e dans les m\u00e9langes de terreau pour orchid\u00e9es, cela a du sens car une orchid\u00e9e est une \u00e9piphyte, ce qui signifie que les racines ont besoin d'\u00a0\u00bbair humide\u00a0\u00bb car elles poussent g\u00e9n\u00e9ralement sur les arbres, etc. Par cons\u00e9quent, l&rsquo;\u00e9corce est souvent utilis\u00e9e dans les m\u00e9langes pour orchid\u00e9es, parfois m\u00e9lang\u00e9e avec bien s\u00fbr chips de coco ou mousse de sphaigne. Une autre raison peut \u00eatre la demande de \u00ab terreau sans tourbe \u00bb. Ensuite, les alternatives comme le coco, le compost et aussi l&rsquo;\u00e9corce sont plut\u00f4t populaires.<\/p>\n<p><\/p>\n<p>Ceci n&rsquo;est qu&rsquo;une br\u00e8ve explication.<\/p>\n<p>Si vous souhaitez en savoir plus sur l&rsquo;origine, la fabrication, l&rsquo;utilisation, les avantages et les inconv\u00e9nients de l&rsquo;\u00e9corce pour vous : n&rsquo;h\u00e9sitez pas \u00e0 nous \u00e9crire un mail \u00e0 <a href=\"mailto:info@substrate-consulting.nl\">info@substrate-consulting.nl<\/a><\/p>\t\t\t\t\t\t\t\t<\/div>\n\t\t\t\t<\/div>\n\t\t\t\t\t<\/div>\n\t\t<\/div>\n\t\t\t\t\t<\/div>\n\t\t<\/section>\n\t\t\t\t<section class=\"elementor-section elementor-top-section elementor-element elementor-element-4ff3e37a elementor-section-boxed elementor-section-height-default elementor-section-height-default wpr-particle-no wpr-jarallax-no wpr-parallax-no wpr-sticky-section-no wpr-column-slider-no wpr-equal-height-no\" data-id=\"4ff3e37a\" data-element_type=\"section\" data-e-type=\"section\">\n\t\t\t\t\t\t<div class=\"elementor-container elementor-column-gap-default\">\n\t\t\t\t\t<div class=\"elementor-column elementor-col-100 elementor-top-column elementor-element elementor-element-631bd5a5\" data-id=\"631bd5a5\" data-element_type=\"column\" data-e-type=\"column\">\n\t\t\t<div class=\"elementor-widget-wrap elementor-element-populated\">\n\t\t\t\t\t\t<div class=\"elementor-element elementor-element-50e0ef96 wpr-grid-columns-3 wpr-grid-columns--tablet3 wpr-grid-columns--mobile1 elementor-widget elementor-widget-wpr-media-grid\" data-id=\"50e0ef96\" data-element_type=\"widget\" data-e-type=\"widget\" data-widget_type=\"wpr-media-grid.default\">\n\t\t\t\t<div class=\"elementor-widget-container\">\n\t\t\t\t\t<section class=\"wpr-grid wpr-media-grid elementor-clearfix\" data-settings=\"{&quot;layout&quot;:&quot;masonry&quot;,&quot;columns_desktop&quot;:&quot;3&quot;,&quot;gutter_hr&quot;:10,&quot;gutter_hr_mobile&quot;:10,&quot;gutter_hr_mobile_extra&quot;:10,&quot;gutter_hr_tablet&quot;:10,&quot;gutter_hr_tablet_extra&quot;:10,&quot;gutter_hr_laptop&quot;:10,&quot;gutter_hr_widescreen&quot;:10,&quot;gutter_vr&quot;:10,&quot;gutter_vr_mobile&quot;:10,&quot;gutter_vr_mobile_extra&quot;:10,&quot;gutter_vr_tablet&quot;:10,&quot;gutter_vr_tablet_extra&quot;:10,&quot;gutter_vr_laptop&quot;:10,&quot;gutter_vr_widescreen&quot;:10,&quot;animation&quot;:&quot;default&quot;,&quot;animation_duration&quot;:0.3,&quot;animation_delay&quot;:0.1,&quot;deeplinking&quot;:&quot;&quot;,&quot;filters_default_filter&quot;:&quot;&quot;,&quot;filters_linkable&quot;:&quot;no&quot;,&quot;filters_count&quot;:&quot;&quot;,&quot;filters_hide_empty&quot;:&quot;no&quot;,&quot;filters_animation&quot;:&quot;default&quot;,&quot;filters_animation_duration&quot;:0.3,&quot;filters_animation_delay&quot;:0.1,&quot;pagination_type&quot;:&quot;load-more&quot;,&quot;pagination_max_pages&quot;:1,&quot;lightbox&quot;:{&quot;selector&quot;:&quot;.wpr-grid-image-wrap&quot;,&quot;iframeMaxWidth&quot;:&quot;60%&quot;,&quot;hash&quot;:false,&quot;autoplay&quot;:&quot;true&quot;,&quot;pause&quot;:5000,&quot;progressBar&quot;:&quot;true&quot;,&quot;counter&quot;:&quot;true&quot;,&quot;controls&quot;:&quot;true&quot;,&quot;getCaptionFromTitleOrAlt&quot;:&quot;true&quot;,&quot;thumbnail&quot;:&quot;&quot;,&quot;showThumbByDefault&quot;:&quot;&quot;,&quot;share&quot;:&quot;&quot;,&quot;zoom&quot;:&quot;true&quot;,&quot;fullScreen&quot;:&quot;true&quot;,&quot;download&quot;:&quot;true&quot;}}\"><article class=\"wpr-grid-item elementor-clearfix post-5406 attachment type-attachment status-inherit hentry\"><div class=\"wpr-grid-item-inner\"><div class=\"wpr-grid-media-wrap wpr-effect-size-small \"><div class=\"wpr-grid-image-wrap\" data-src=\"https:\/\/www.substrate-consulting.com\/wp-content\/uploads\/4zhrd2h9.png\"><img decoding=\"async\" src=\"https:\/\/www.substrate-consulting.com\/wp-content\/uploads\/4zhrd2h9-400x270.png\" alt=\"Bark\" class=\"wpr-anim-timing-ease-default\"><\/div><div class=\"wpr-grid-media-hover wpr-animation-wrap\"><div class=\"wpr-grid-media-hover-bg  wpr-overlay-fade-in wpr-anim-size-large wpr-anim-timing-ease-default wpr-anim-transparency\" data-url=\"https:\/\/www.substrate-consulting.com\/fr\/page-de-garde\/ecorce\/4zhrd2h9-2\/\"><\/div><div class=\"wpr-cv-container\"><div class=\"wpr-cv-outer\"><div class=\"wpr-cv-inner\"><div class=\"wpr-grid-media-hover-middle elementor-clearfix\"><div class=\"wpr-grid-item-lightbox elementor-repeater-item-704f68d wpr-grid-item-display-block wpr-grid-item-align-center wpr-element-fade-in wpr-anim-size-large wpr-anim-timing-ease-default wpr-anim-transparency\"><div class=\"inner-block\"><span data-src=\"https:\/\/www.substrate-consulting.com\/wp-content\/uploads\/4zhrd2h9.png\"><i class=\"fas fa-search\"><\/i><\/span><div class=\"wpr-grid-lightbox-overlay\"><\/div><\/div><\/div><\/div><\/div><\/div><\/div><\/div><\/div><\/div><\/article><article class=\"wpr-grid-item elementor-clearfix post-5409 attachment type-attachment status-inherit hentry\"><div class=\"wpr-grid-item-inner\"><div class=\"wpr-grid-media-wrap wpr-effect-size-small \"><div class=\"wpr-grid-image-wrap\" data-src=\"https:\/\/www.substrate-consulting.com\/wp-content\/uploads\/5o3iew2p.png\"><img decoding=\"async\" src=\"https:\/\/www.substrate-consulting.com\/wp-content\/uploads\/5o3iew2p-400x270.png\" alt=\"Bark\" class=\"wpr-anim-timing-ease-default\"><\/div><div class=\"wpr-grid-media-hover wpr-animation-wrap\"><div class=\"wpr-grid-media-hover-bg  wpr-overlay-fade-in wpr-anim-size-large wpr-anim-timing-ease-default wpr-anim-transparency\" data-url=\"https:\/\/www.substrate-consulting.com\/fr\/page-de-garde\/ecorce\/5o3iew2p-2\/\"><\/div><div class=\"wpr-cv-container\"><div class=\"wpr-cv-outer\"><div class=\"wpr-cv-inner\"><div class=\"wpr-grid-media-hover-middle elementor-clearfix\"><div class=\"wpr-grid-item-lightbox elementor-repeater-item-704f68d wpr-grid-item-display-block wpr-grid-item-align-center wpr-element-fade-in wpr-anim-size-large wpr-anim-timing-ease-default wpr-anim-transparency\"><div class=\"inner-block\"><span data-src=\"https:\/\/www.substrate-consulting.com\/wp-content\/uploads\/5o3iew2p.png\"><i class=\"fas fa-search\"><\/i><\/span><div class=\"wpr-grid-lightbox-overlay\"><\/div><\/div><\/div><\/div><\/div><\/div><\/div><\/div><\/div><\/div><\/article><article class=\"wpr-grid-item elementor-clearfix post-5412 attachment type-attachment status-inherit hentry\"><div class=\"wpr-grid-item-inner\"><div class=\"wpr-grid-media-wrap wpr-effect-size-small \"><div class=\"wpr-grid-image-wrap\" data-src=\"https:\/\/www.substrate-consulting.com\/wp-content\/uploads\/8ez5ozit.png\"><img decoding=\"async\" src=\"https:\/\/www.substrate-consulting.com\/wp-content\/uploads\/8ez5ozit-400x270.png\" alt=\"Bark\" class=\"wpr-anim-timing-ease-default\"><\/div><div class=\"wpr-grid-media-hover wpr-animation-wrap\"><div class=\"wpr-grid-media-hover-bg  wpr-overlay-fade-in wpr-anim-size-large wpr-anim-timing-ease-default wpr-anim-transparency\" data-url=\"https:\/\/www.substrate-consulting.com\/fr\/page-de-garde\/ecorce\/8ez5ozit-2\/\"><\/div><div class=\"wpr-cv-container\"><div class=\"wpr-cv-outer\"><div class=\"wpr-cv-inner\"><div class=\"wpr-grid-media-hover-middle elementor-clearfix\"><div class=\"wpr-grid-item-lightbox elementor-repeater-item-704f68d wpr-grid-item-display-block wpr-grid-item-align-center wpr-element-fade-in wpr-anim-size-large wpr-anim-timing-ease-default wpr-anim-transparency\"><div class=\"inner-block\"><span data-src=\"https:\/\/www.substrate-consulting.com\/wp-content\/uploads\/8ez5ozit.png\"><i class=\"fas fa-search\"><\/i><\/span><div class=\"wpr-grid-lightbox-overlay\"><\/div><\/div><\/div><\/div><\/div><\/div><\/div><\/div><\/div><\/div><\/article><article class=\"wpr-grid-item elementor-clearfix post-5415 attachment type-attachment status-inherit hentry\"><div class=\"wpr-grid-item-inner\"><div class=\"wpr-grid-media-wrap wpr-effect-size-small \"><div class=\"wpr-grid-image-wrap\" data-src=\"https:\/\/www.substrate-consulting.com\/wp-content\/uploads\/a9b412e6-8dd5-4cbb-8c9f-5b7ea2870f0d.jpg\"><img decoding=\"async\" src=\"https:\/\/www.substrate-consulting.com\/wp-content\/uploads\/a9b412e6-8dd5-4cbb-8c9f-5b7ea2870f0d-400x270.jpg\" alt=\"Bark\" class=\"wpr-anim-timing-ease-default\"><\/div><div class=\"wpr-grid-media-hover wpr-animation-wrap\"><div class=\"wpr-grid-media-hover-bg  wpr-overlay-fade-in wpr-anim-size-large wpr-anim-timing-ease-default wpr-anim-transparency\" data-url=\"https:\/\/www.substrate-consulting.com\/fr\/page-de-garde\/ecorce\/a9b412e6-8dd5-4cbb-8c9f-5b7ea2870f0d-2\/\"><\/div><div class=\"wpr-cv-container\"><div class=\"wpr-cv-outer\"><div class=\"wpr-cv-inner\"><div class=\"wpr-grid-media-hover-middle elementor-clearfix\"><div class=\"wpr-grid-item-lightbox elementor-repeater-item-704f68d wpr-grid-item-display-block wpr-grid-item-align-center wpr-element-fade-in wpr-anim-size-large wpr-anim-timing-ease-default wpr-anim-transparency\"><div class=\"inner-block\"><span data-src=\"https:\/\/www.substrate-consulting.com\/wp-content\/uploads\/a9b412e6-8dd5-4cbb-8c9f-5b7ea2870f0d.jpg\"><i class=\"fas fa-search\"><\/i><\/span><div class=\"wpr-grid-lightbox-overlay\"><\/div><\/div><\/div><\/div><\/div><\/div><\/div><\/div><\/div><\/div><\/article><article class=\"wpr-grid-item elementor-clearfix post-5403 attachment type-attachment status-inherit hentry\"><div class=\"wpr-grid-item-inner\"><div class=\"wpr-grid-media-wrap wpr-effect-size-small \"><div class=\"wpr-grid-image-wrap\" data-src=\"https:\/\/www.substrate-consulting.com\/wp-content\/uploads\/elriml2u.png\"><img decoding=\"async\" src=\"https:\/\/www.substrate-consulting.com\/wp-content\/uploads\/elriml2u-400x270.png\" alt=\"Bark\" class=\"wpr-anim-timing-ease-default\"><\/div><div class=\"wpr-grid-media-hover wpr-animation-wrap\"><div class=\"wpr-grid-media-hover-bg  wpr-overlay-fade-in wpr-anim-size-large wpr-anim-timing-ease-default wpr-anim-transparency\" data-url=\"https:\/\/www.substrate-consulting.com\/fr\/page-de-garde\/ecorce\/elriml2u-2\/\"><\/div><div class=\"wpr-cv-container\"><div class=\"wpr-cv-outer\"><div class=\"wpr-cv-inner\"><div class=\"wpr-grid-media-hover-middle elementor-clearfix\"><div class=\"wpr-grid-item-lightbox elementor-repeater-item-704f68d wpr-grid-item-display-block wpr-grid-item-align-center wpr-element-fade-in wpr-anim-size-large wpr-anim-timing-ease-default wpr-anim-transparency\"><div class=\"inner-block\"><span data-src=\"https:\/\/www.substrate-consulting.com\/wp-content\/uploads\/elriml2u.png\"><i class=\"fas fa-search\"><\/i><\/span><div class=\"wpr-grid-lightbox-overlay\"><\/div><\/div><\/div><\/div><\/div><\/div><\/div><\/div><\/div><\/div><\/article><\/section>\t\t\t\t<\/div>\n\t\t\t\t<\/div>\n\t\t\t\t\t<\/div>\n\t\t<\/div>\n\t\t\t\t\t<\/div>\n\t\t<\/section>\n\t\t\t\t<section class=\"elementor-section elementor-top-section elementor-element elementor-element-4365bf9 elementor-section-boxed elementor-section-height-default elementor-section-height-default wpr-particle-no wpr-jarallax-no wpr-parallax-no wpr-sticky-section-no wpr-column-slider-no wpr-equal-height-no\" data-id=\"4365bf9\" data-element_type=\"section\" data-e-type=\"section\">\n\t\t\t\t\t\t<div class=\"elementor-container elementor-column-gap-default\">\n\t\t\t\t\t<div class=\"elementor-column elementor-col-50 elementor-top-column elementor-element elementor-element-8be6321\" data-id=\"8be6321\" data-element_type=\"column\" data-e-type=\"column\">\n\t\t\t<div class=\"elementor-widget-wrap elementor-element-populated\">\n\t\t\t\t\t\t<div class=\"elementor-element elementor-element-d099203 elementor-align-left elementor-widget elementor-widget-button\" data-id=\"d099203\" data-element_type=\"widget\" data-e-type=\"widget\" data-widget_type=\"button.default\">\n\t\t\t\t<div class=\"elementor-widget-container\">\n\t\t\t\t\t\t\t\t\t<div class=\"elementor-button-wrapper\">\n\t\t\t\t\t<a class=\"elementor-button elementor-button-link elementor-size-sm\" href=\"https:\/\/www.substrate-consulting.com\/fr\/page-de-garde\/tourbe\/\">\n\t\t\t\t\t\t<span class=\"elementor-button-content-wrapper\">\n\t\t\t\t\t\t<span class=\"elementor-button-icon\">\n\t\t\t\t<i aria-hidden=\"true\" class=\"fas fa-angle-left\"><\/i>\t\t\t<\/span>\n\t\t\t\t\t\t\t\t\t<span class=\"elementor-button-text\">Tourbe<\/span>\n\t\t\t\t\t<\/span>\n\t\t\t\t\t<\/a>\n\t\t\t\t<\/div>\n\t\t\t\t\t\t\t\t<\/div>\n\t\t\t\t<\/div>\n\t\t\t\t\t<\/div>\n\t\t<\/div>\n\t\t\t\t<div class=\"elementor-column elementor-col-50 elementor-top-column elementor-element elementor-element-1560489\" data-id=\"1560489\" data-element_type=\"column\" data-e-type=\"column\">\n\t\t\t<div class=\"elementor-widget-wrap elementor-element-populated\">\n\t\t\t\t\t\t<div class=\"elementor-element elementor-element-af4668d elementor-align-right elementor-widget elementor-widget-button\" data-id=\"af4668d\" data-element_type=\"widget\" data-e-type=\"widget\" data-widget_type=\"button.default\">\n\t\t\t\t<div class=\"elementor-widget-container\">\n\t\t\t\t\t\t\t\t\t<div class=\"elementor-button-wrapper\">\n\t\t\t\t\t<a class=\"elementor-button elementor-button-link elementor-size-sm\" href=\"https:\/\/www.substrate-consulting.com\/fr\/page-de-garde\/fibre-de-bois\/\">\n\t\t\t\t\t\t<span class=\"elementor-button-content-wrapper\">\n\t\t\t\t\t\t<span class=\"elementor-button-icon\">\n\t\t\t\t<i aria-hidden=\"true\" class=\"fas fa-angle-right\"><\/i>\t\t\t<\/span>\n\t\t\t\t\t\t\t\t\t<span class=\"elementor-button-text\">Fibre de bois<\/span>\n\t\t\t\t\t<\/span>\n\t\t\t\t\t<\/a>\n\t\t\t\t<\/div>\n\t\t\t\t\t\t\t\t<\/div>\n\t\t\t\t<\/div>\n\t\t\t\t\t<\/div>\n\t\t<\/div>\n\t\t\t\t\t<\/div>\n\t\t<\/section>\n\t\t\t\t<\/div>\n\t\t","protected":false},"excerpt":{"rendered":"<p>Depuis de nombreuses ann\u00e9es, l&rsquo;\u00e9corce est un additif pour les terreaux. L&rsquo;\u00e9corce du Pinus sylvestris est utilis\u00e9e car elle est abondamment disponible mais l&rsquo;inconv\u00e9nient de cette \u00e9corce est la stabilit\u00e9 : comme c&rsquo;est une \u00e9corce plut\u00f4t faible, elle se d\u00e9compose assez rapidement, ce que nous voulons \u00e9viter dans les substrats. Lors de la d\u00e9composition de l&rsquo;\u00e9corce, deux choses se produisent simultan\u00e9ment: La structure sera plus fine et donc le terreau perdra sa porosit\u00e9 \u00e0 l&rsquo;air et restera humide trop longtemps et les bact\u00e9ries utiliseront l&rsquo;azote donc N sera fix\u00e9 dans les bact\u00e9ries, ce qui peut \u00e9ventuellement nuire \u00e0 la culture, car il y a souvent un manque d&rsquo;azote trouv\u00e9. Pour ces raisons, une \u00e9corce de Pinus maritima est utilis\u00e9e. Cette \u00e9corce, de couleur plus rouge, est beaucoup plus dur que les autres types d&rsquo;\u00e9corce. La d\u00e9composition est donc plus lente et la r\u00e9traction du Nitrate est r\u00e9duite.L&rsquo;origine du Pinus maritime est principalement le sud-ouest de l&rsquo;Europe. Les Landes de Gascogne (juste en dessous de Bordeaux, France) sont c\u00e9l\u00e8bres pour la culture de cet arbre. Vous pouvez \u00e9galement trouver cet arbre au Portugal et en Espagne (et de plus petites quantit\u00e9s en Italie et en Croatie).Enfin, l&rsquo;\u00e9corce \u00e9tait un produit restant, utilis\u00e9 pour l&rsquo;industrie de la c\u00e9ramique (chauffage), mais au cours des derni\u00e8res d\u00e9cennies, cette \u00e9corce est devenue plus populaire pour les producteurs d&rsquo;orchid\u00e9es, les p\u00e9pini\u00e8res et aussi pour le paillage des jardins et autres. Maintenant qu&rsquo;il y a plus de possibilit\u00e9s (plus de fractions sont disponibles), l&rsquo;\u00e9corce est utilis\u00e9e dans de nombreux types de terreaux, \u00e9galement parce que la demande de terreaux sans tourbe augmente et que les producteurs recherchent des alternatives.Comme il y a quelques ann\u00e9es, des probl\u00e8mes sont survenus avec l&rsquo;\u00e9corce du Portugal (ils ont trouv\u00e9 le Bursaphelenchus xylophilus), les restrictions \u00e0 l&rsquo;exportation ont augment\u00e9. L&rsquo;assainissement de Bark est tr\u00e8s important. Pour le moment l&rsquo;obligation est de chauffer le bois jusqu&rsquo;\u00e0 60oC dans une chambre sp\u00e9ciale et bien que la r\u00e8gle ait \u00e9t\u00e9 pendant un certain temps pour l&rsquo;\u00e9corce la m\u00eame temp\u00e9rature devait \u00eatre atteinte par auto-\u00e9chauffement (comme le font les fabriques de compost), de nos jours l&rsquo;\u00e9corce est aussi \u00e0 la vapeur. Apr\u00e8s cette proc\u00e9dure, aucune infection n&rsquo;a \u00e9t\u00e9 trouv\u00e9e et l&rsquo;\u00e9corce peut donc \u00eatre utilis\u00e9e en toute s\u00e9curit\u00e9. Les raisons d&rsquo;utiliser l&rsquo;\u00e9corce dans les terreaux peuvent varier. Lorsque l&rsquo;\u00e9corce est utilis\u00e9e dans les m\u00e9langes de terreau pour orchid\u00e9es, cela a du sens car une orchid\u00e9e est une \u00e9piphyte, ce qui signifie que les racines ont besoin d&rsquo;\u00a0\u00bbair humide\u00a0\u00bb car elles poussent g\u00e9n\u00e9ralement sur les arbres, etc. Par cons\u00e9quent, l&rsquo;\u00e9corce est souvent utilis\u00e9e dans les m\u00e9langes pour orchid\u00e9es, parfois m\u00e9lang\u00e9e avec bien s\u00fbr chips de coco ou mousse de sphaigne. Une autre raison peut \u00eatre la demande de \u00ab terreau sans tourbe \u00bb. Ensuite, les alternatives comme le coco, le compost et aussi l&rsquo;\u00e9corce sont plut\u00f4t populaires. Ceci n&rsquo;est qu&rsquo;une br\u00e8ve explication. Si vous souhaitez en savoir plus sur l&rsquo;origine, la fabrication, l&rsquo;utilisation, les avantages et les inconv\u00e9nients de l&rsquo;\u00e9corce pour vous : n&rsquo;h\u00e9sitez pas \u00e0 nous \u00e9crire un mail \u00e0 info@substrate-consulting.nl Tourbe Fibre de bois<\/p>\n","protected":false},"author":1,"featured_media":4612,"parent":4876,"menu_order":24,"comment_status":"closed","ping_status":"closed","template":"templates\/page-fullwidth_template.php","meta":{"footnotes":""},"class_list":["post-4749","page","type-page","status-publish","has-post-thumbnail","hentry"],"_links":{"self":[{"href":"https:\/\/www.substrate-consulting.com\/fr\/wp-json\/wp\/v2\/pages\/4749","targetHints":{"allow":["GET"]}}],"collection":[{"href":"https:\/\/www.substrate-consulting.com\/fr\/wp-json\/wp\/v2\/pages"}],"about":[{"href":"https:\/\/www.substrate-consulting.com\/fr\/wp-json\/wp\/v2\/types\/page"}],"author":[{"embeddable":true,"href":"https:\/\/www.substrate-consulting.com\/fr\/wp-json\/wp\/v2\/users\/1"}],"replies":[{"embeddable":true,"href":"https:\/\/www.substrate-consulting.com\/fr\/wp-json\/wp\/v2\/comments?post=4749"}],"version-history":[{"count":22,"href":"https:\/\/www.substrate-consulting.com\/fr\/wp-json\/wp\/v2\/pages\/4749\/revisions"}],"predecessor-version":[{"id":6224,"href":"https:\/\/www.substrate-consulting.com\/fr\/wp-json\/wp\/v2\/pages\/4749\/revisions\/6224"}],"up":[{"embeddable":true,"href":"https:\/\/www.substrate-consulting.com\/fr\/wp-json\/wp\/v2\/pages\/4876"}],"wp:featuredmedia":[{"embeddable":true,"href":"https:\/\/www.substrate-consulting.com\/fr\/wp-json\/wp\/v2\/media\/4612"}],"wp:attachment":[{"href":"https:\/\/www.substrate-consulting.com\/fr\/wp-json\/wp\/v2\/media?parent=4749"}],"curies":[{"name":"wp","href":"https:\/\/api.w.org\/{rel}","templated":true}]}}