{"id":4743,"date":"2023-04-27T19:44:29","date_gmt":"2023-04-27T17:44:29","guid":{"rendered":"https:\/\/redpilldesign.nl\/isc\/agent-mouillant\/"},"modified":"2024-01-15T20:02:04","modified_gmt":"2024-01-15T19:02:04","slug":"agent-mouillant","status":"publish","type":"page","link":"https:\/\/www.substrate-consulting.com\/fr\/page-de-garde\/agent-mouillant\/","title":{"rendered":"Agent mouillant"},"content":{"rendered":"\t\t<div data-elementor-type=\"wp-page\" data-elementor-id=\"4743\" class=\"elementor elementor-4743 elementor-2675\">\n\t\t\t\t\t\t<section class=\"elementor-section elementor-top-section elementor-element elementor-element-2377521e elementor-section-boxed elementor-section-height-default elementor-section-height-default wpr-particle-no wpr-jarallax-no wpr-parallax-no wpr-sticky-section-no wpr-equal-height-no\" data-id=\"2377521e\" data-element_type=\"section\" data-e-type=\"section\">\n\t\t\t\t\t\t<div class=\"elementor-container elementor-column-gap-default\">\n\t\t\t\t\t<div class=\"elementor-column elementor-col-100 elementor-top-column elementor-element elementor-element-186bc853\" data-id=\"186bc853\" data-element_type=\"column\" data-e-type=\"column\">\n\t\t\t<div class=\"elementor-widget-wrap elementor-element-populated\">\n\t\t\t\t\t\t<div class=\"elementor-element elementor-element-712435cd elementor-widget elementor-widget-text-editor\" data-id=\"712435cd\" data-element_type=\"widget\" data-e-type=\"widget\" data-widget_type=\"text-editor.default\">\n\t\t\t\t<div class=\"elementor-widget-container\">\n\t\t\t\t\t\t\t\t\t<p>Encore l&rsquo;un des principaux ingr\u00e9dients du terreau est la tourbe. La tourbe est r\u00e9colt\u00e9e dans la tourbi\u00e8re lorsqu&rsquo;elle est suffisamment s\u00e8che. L&rsquo;humidit\u00e9 est importante pour le transport et le stockage plus longtemps.<\/p>\n<p>Surtout pour la tourbe blanc plus l\u00e9g\u00e8re, nous savons que la tourbe est hydrofoob, cela signifie que &#8211; lorsque la tourbe est vraiment s\u00e8che &#8211; il est tr\u00e8s difficile de remouiller. Cela peut causer de gros probl\u00e8mes \u00e0 l&rsquo;utilisateur final (le producteur) car la plante a besoin d&rsquo;eau.<\/p>\n<p>Pour r\u00e9soudre ce probl\u00e8me, il existe des agents mouillants qui abaissent la tension superficielle afin que l&rsquo;eau puisse \u00ab\u00a0entrer\u00a0\u00bb plus facilement. Il existe de nombreux types et qualit\u00e9s.<\/p>\n<p>Les points les plus importants sont :<\/p>\n<ol>\n<li>A quelle vitesse \u00e7a marche?<\/li>\n<li>Combien de temps c\u2019est efficace?<\/li>\n<li>Peut-il \u00eatre lav\u00e9?<\/li>\n<li>Change-t-il les caract\u00e9ristiques du substrat?<\/li>\n<li>Cela d\u00e9range-t-il la croissance de la plante?<\/li>\n<\/ol>\n<p>Ceci n&rsquo;est qu&rsquo;une br\u00e8ve explication.<\/p>\n<p><span style=\"font-family: var( --e-global-typography-text-font-family ), Serif; font-size: var( --e-global-typography-text-font-size ); font-weight: var( --e-global-typography-text-font-weight ); word-spacing: var( --e-global-typography-text-word-spacing );\">Si vous souhaitez en savoir plus sur les caract\u00e9ristiques, l\u2019utilisation, les avantages, la qualit\u00e9 de l\u2019agent mouillant : n\u2019h\u00e9sitez pas \u00e0 nous \u00e9crire un mail \u00e0<\/span><span style=\"font-family: var( --e-global-typography-text-font-family ), Serif; font-size: var( --e-global-typography-text-font-size ); font-weight: var( --e-global-typography-text-font-weight ); word-spacing: var( --e-global-typography-text-word-spacing );\">&nbsp;<\/span><a href=\"mailto:info@substrate-consulting.nl\" style=\"font-family: var( --e-global-typography-text-font-family ), Serif; font-size: var( --e-global-typography-text-font-size ); font-weight: var( --e-global-typography-text-font-weight ); word-spacing: var( --e-global-typography-text-word-spacing ); background-color: rgb(255, 255, 255);\">info@substrate-consulting.nl<\/a><\/p><p>Une impression d&rsquo;agent mouillant que vous pouvez retrouver sur mon ancien film sur Youtube (en allemand) : voir la vid\u00e9o ci-dessous&nbsp;<\/p>\t\t\t\t\t\t\t\t<\/div>\n\t\t\t\t<\/div>\n\t\t\t\t\t<\/div>\n\t\t<\/div>\n\t\t\t\t\t<\/div>\n\t\t<\/section>\n\t\t\t\t<section class=\"elementor-section elementor-top-section elementor-element elementor-element-730248bf elementor-section-boxed elementor-section-height-default elementor-section-height-default wpr-particle-no wpr-jarallax-no wpr-parallax-no wpr-sticky-section-no wpr-equal-height-no\" data-id=\"730248bf\" data-element_type=\"section\" data-e-type=\"section\">\n\t\t\t\t\t\t<div class=\"elementor-container elementor-column-gap-default\">\n\t\t\t\t\t<div class=\"elementor-column elementor-col-100 elementor-top-column elementor-element elementor-element-20631598\" data-id=\"20631598\" data-element_type=\"column\" data-e-type=\"column\">\n\t\t\t<div class=\"elementor-widget-wrap elementor-element-populated\">\n\t\t\t\t\t\t<div class=\"elementor-element elementor-element-3eff34c elementor-widget elementor-widget-video\" data-id=\"3eff34c\" data-element_type=\"widget\" data-e-type=\"widget\" data-settings=\"{&quot;youtube_url&quot;:&quot;https:\\\/\\\/www.youtube.com\\\/watch?v=AiUGvZeLWW0&quot;,&quot;video_type&quot;:&quot;youtube&quot;,&quot;controls&quot;:&quot;yes&quot;}\" data-widget_type=\"video.default\">\n\t\t\t\t<div class=\"elementor-widget-container\">\n\t\t\t\t\t\t\t<div class=\"elementor-wrapper elementor-open-inline\">\n\t\t\t<div class=\"elementor-video\"><\/div>\t\t<\/div>\n\t\t\t\t\t\t<\/div>\n\t\t\t\t<\/div>\n\t\t\t\t\t<\/div>\n\t\t<\/div>\n\t\t\t\t\t<\/div>\n\t\t<\/section>\n\t\t\t\t<section class=\"elementor-section elementor-top-section elementor-element elementor-element-1faaf54 elementor-section-boxed elementor-section-height-default elementor-section-height-default wpr-particle-no wpr-jarallax-no wpr-parallax-no wpr-sticky-section-no wpr-equal-height-no\" data-id=\"1faaf54\" data-element_type=\"section\" data-e-type=\"section\">\n\t\t\t\t\t\t<div class=\"elementor-container elementor-column-gap-default\">\n\t\t\t\t\t<div class=\"elementor-column elementor-col-50 elementor-top-column elementor-element elementor-element-566b56c\" data-id=\"566b56c\" data-element_type=\"column\" data-e-type=\"column\">\n\t\t\t<div class=\"elementor-widget-wrap elementor-element-populated\">\n\t\t\t\t\t\t<div class=\"elementor-element elementor-element-fa385f6 elementor-align-left elementor-widget elementor-widget-button\" data-id=\"fa385f6\" data-element_type=\"widget\" data-e-type=\"widget\" data-widget_type=\"button.default\">\n\t\t\t\t<div class=\"elementor-widget-container\">\n\t\t\t\t\t\t\t\t\t<div class=\"elementor-button-wrapper\">\n\t\t\t\t\t<a class=\"elementor-button elementor-button-link elementor-size-sm\" href=\"https:\/\/www.substrate-consulting.com\/fr\/page-de-garde\/coco\/\">\n\t\t\t\t\t\t<span class=\"elementor-button-content-wrapper\">\n\t\t\t\t\t\t<span class=\"elementor-button-icon\">\n\t\t\t\t<i aria-hidden=\"true\" class=\"fas fa-angle-left\"><\/i>\t\t\t<\/span>\n\t\t\t\t\t\t\t\t\t<span class=\"elementor-button-text\">Coco<\/span>\n\t\t\t\t\t<\/span>\n\t\t\t\t\t<\/a>\n\t\t\t\t<\/div>\n\t\t\t\t\t\t\t\t<\/div>\n\t\t\t\t<\/div>\n\t\t\t\t\t<\/div>\n\t\t<\/div>\n\t\t\t\t<div class=\"elementor-column elementor-col-50 elementor-top-column elementor-element elementor-element-7a627fa\" data-id=\"7a627fa\" data-element_type=\"column\" data-e-type=\"column\">\n\t\t\t<div class=\"elementor-widget-wrap elementor-element-populated\">\n\t\t\t\t\t\t<div class=\"elementor-element elementor-element-0638290 elementor-align-right elementor-widget elementor-widget-button\" data-id=\"0638290\" data-element_type=\"widget\" data-e-type=\"widget\" data-widget_type=\"button.default\">\n\t\t\t\t<div class=\"elementor-widget-container\">\n\t\t\t\t\t\t\t\t\t<div class=\"elementor-button-wrapper\">\n\t\t\t\t\t<a class=\"elementor-button elementor-button-link elementor-size-sm\" href=\"https:\/\/www.substrate-consulting.com\/fr\/page-de-garde\/tourbe\/\">\n\t\t\t\t\t\t<span class=\"elementor-button-content-wrapper\">\n\t\t\t\t\t\t<span class=\"elementor-button-icon\">\n\t\t\t\t<i aria-hidden=\"true\" class=\"fas fa-angle-right\"><\/i>\t\t\t<\/span>\n\t\t\t\t\t\t\t\t\t<span class=\"elementor-button-text\">Tourbe<\/span>\n\t\t\t\t\t<\/span>\n\t\t\t\t\t<\/a>\n\t\t\t\t<\/div>\n\t\t\t\t\t\t\t\t<\/div>\n\t\t\t\t<\/div>\n\t\t\t\t\t<\/div>\n\t\t<\/div>\n\t\t\t\t\t<\/div>\n\t\t<\/section>\n\t\t\t\t<\/div>\n\t\t","protected":false},"excerpt":{"rendered":"<p>Encore l&rsquo;un des principaux ingr\u00e9dients du terreau est la tourbe. La tourbe est r\u00e9colt\u00e9e dans la tourbi\u00e8re lorsqu&rsquo;elle est suffisamment s\u00e8che. L&rsquo;humidit\u00e9 est importante pour le transport et le stockage plus longtemps. Surtout pour la tourbe blanc plus l\u00e9g\u00e8re, nous savons que la tourbe est hydrofoob, cela signifie que &#8211; lorsque la tourbe est vraiment s\u00e8che &#8211; il est tr\u00e8s difficile de remouiller. Cela peut causer de gros probl\u00e8mes \u00e0 l&rsquo;utilisateur final (le producteur) car la plante a besoin d&rsquo;eau. Pour r\u00e9soudre ce probl\u00e8me, il existe des agents mouillants qui abaissent la tension superficielle afin que l&rsquo;eau puisse \u00ab\u00a0entrer\u00a0\u00bb plus facilement. Il existe de nombreux types et qualit\u00e9s. Les points les plus importants sont : A quelle vitesse \u00e7a marche? Combien de temps c\u2019est efficace? Peut-il \u00eatre lav\u00e9? Change-t-il les caract\u00e9ristiques du substrat? Cela d\u00e9range-t-il la croissance de la plante? Ceci n&rsquo;est qu&rsquo;une br\u00e8ve explication. Si vous souhaitez en savoir plus sur les caract\u00e9ristiques, l\u2019utilisation, les avantages, la qualit\u00e9 de l\u2019agent mouillant : n\u2019h\u00e9sitez pas \u00e0 nous \u00e9crire un mail \u00e0\u00a0info@substrate-consulting.nl Une impression d&rsquo;agent mouillant que vous pouvez retrouver sur mon ancien film sur Youtube (en allemand) : voir la vid\u00e9o ci-dessous Coco Tourbe<\/p>\n","protected":false},"author":1,"featured_media":5565,"parent":4876,"menu_order":22,"comment_status":"closed","ping_status":"closed","template":"templates\/page-fullwidth_template.php","meta":{"footnotes":""},"class_list":["post-4743","page","type-page","status-publish","has-post-thumbnail","hentry"],"_links":{"self":[{"href":"https:\/\/www.substrate-consulting.com\/fr\/wp-json\/wp\/v2\/pages\/4743","targetHints":{"allow":["GET"]}}],"collection":[{"href":"https:\/\/www.substrate-consulting.com\/fr\/wp-json\/wp\/v2\/pages"}],"about":[{"href":"https:\/\/www.substrate-consulting.com\/fr\/wp-json\/wp\/v2\/types\/page"}],"author":[{"embeddable":true,"href":"https:\/\/www.substrate-consulting.com\/fr\/wp-json\/wp\/v2\/users\/1"}],"replies":[{"embeddable":true,"href":"https:\/\/www.substrate-consulting.com\/fr\/wp-json\/wp\/v2\/comments?post=4743"}],"version-history":[{"count":42,"href":"https:\/\/www.substrate-consulting.com\/fr\/wp-json\/wp\/v2\/pages\/4743\/revisions"}],"predecessor-version":[{"id":6249,"href":"https:\/\/www.substrate-consulting.com\/fr\/wp-json\/wp\/v2\/pages\/4743\/revisions\/6249"}],"up":[{"embeddable":true,"href":"https:\/\/www.substrate-consulting.com\/fr\/wp-json\/wp\/v2\/pages\/4876"}],"wp:featuredmedia":[{"embeddable":true,"href":"https:\/\/www.substrate-consulting.com\/fr\/wp-json\/wp\/v2\/media\/5565"}],"wp:attachment":[{"href":"https:\/\/www.substrate-consulting.com\/fr\/wp-json\/wp\/v2\/media?parent=4743"}],"curies":[{"name":"wp","href":"https:\/\/api.w.org\/{rel}","templated":true}]}}