{"id":4733,"date":"2023-05-09T21:19:34","date_gmt":"2023-05-09T19:19:34","guid":{"rendered":"https:\/\/redpilldesign.nl\/isc\/coc\/"},"modified":"2024-01-15T16:20:01","modified_gmt":"2024-01-15T15:20:01","slug":"coc","status":"publish","type":"page","link":"https:\/\/www.substrate-consulting.com\/fr\/page-de-garde\/coc\/","title":{"rendered":"Coco"},"content":{"rendered":"<p class=\"attachment\"><a href='https:\/\/www.substrate-consulting.com\/wp-content\/uploads\/221120121108-2-scaled.jpg'><img fetchpriority=\"high\" decoding=\"async\" width=\"300\" height=\"225\" src=\"https:\/\/www.substrate-consulting.com\/wp-content\/uploads\/221120121108-2-300x225.jpg\" class=\"attachment-medium size-medium\" alt=\"Coco\" srcset=\"https:\/\/www.substrate-consulting.com\/wp-content\/uploads\/221120121108-2-300x225.jpg 300w, https:\/\/www.substrate-consulting.com\/wp-content\/uploads\/221120121108-2-1024x768.jpg 1024w, https:\/\/www.substrate-consulting.com\/wp-content\/uploads\/221120121108-2-768x576.jpg 768w, https:\/\/www.substrate-consulting.com\/wp-content\/uploads\/221120121108-2-1536x1152.jpg 1536w, https:\/\/www.substrate-consulting.com\/wp-content\/uploads\/221120121108-2-2048x1536.jpg 2048w\" sizes=\"(max-width: 300px) 100vw, 300px\" \/><\/a><\/p>\n\t\t<div data-elementor-type=\"wp-page\" data-elementor-id=\"4733\" class=\"elementor elementor-4733 elementor-2716\">\n\t\t\t\t\t\t<section class=\"elementor-section elementor-top-section elementor-element elementor-element-2377521e elementor-section-boxed elementor-section-height-default elementor-section-height-default wpr-particle-no wpr-jarallax-no wpr-parallax-no wpr-sticky-section-no wpr-equal-height-no\" data-id=\"2377521e\" data-element_type=\"section\" data-e-type=\"section\">\n\t\t\t\t\t\t<div class=\"elementor-container elementor-column-gap-default\">\n\t\t\t\t\t<div class=\"elementor-column elementor-col-100 elementor-top-column elementor-element elementor-element-186bc853\" data-id=\"186bc853\" data-element_type=\"column\" data-e-type=\"column\">\n\t\t\t<div class=\"elementor-widget-wrap elementor-element-populated\">\n\t\t\t\t\t\t<div class=\"elementor-element elementor-element-712435cd elementor-widget elementor-widget-text-editor\" data-id=\"712435cd\" data-element_type=\"widget\" data-e-type=\"widget\" data-widget_type=\"text-editor.default\">\n\t\t\t\t<div class=\"elementor-widget-container\">\n\t\t\t\t\t\t\t\t\t<p>Les produits de la coque de la noix de coco sont utilis\u00e9s depuis de nombreuses ann\u00e9es dans l&rsquo;industrie des substrats.<br \/>Dans de nombreux pays, il existe un march\u00e9 pour la fibre de coco (utilis\u00e9e dans les matelas, les cordes, les filtres, etc.) et apr\u00e8s la production des fibres, le reste du produit convient.<br \/>L\u00e0 o\u00f9 c&rsquo;\u00e9tait un d\u00e9chet dans le pass\u00e9, nous l&rsquo;utilisons aujourd&rsquo;hui en gros volumes pour faire pousser nos plantes.<br \/>En plus de s\u00e9parer la fibre et le fin, nous pouvons \u00e9galement couper le bourre en petits morceaux pour obtenir un mat\u00e9riau de base comme des chips.<\/p>\n<p>Dans les bourres, on trouve g\u00e9n\u00e9ralement une CE \u00e9lev\u00e9e, contenant principalement du sodium, du potassium et du chlorure.<br \/>Le lavage du coco est donc indispensable s&rsquo;il sera utilis\u00e9 comme substrat.<br \/>Pour les cultures plus sensibles, le sodium et le potassium qui se trouvent sur le complexe doivent \u00e9galement \u00eatre \u00e9chang\u00e9s par des min\u00e9raux comme le calcium ou le magn\u00e9sium et ensuite lav\u00e9s.<\/p>\n<p>Ceci n&rsquo;est qu&rsquo;une br\u00e8ve explication.<\/p>\n<p>Si vous voulez en savoir plus sur l&rsquo;origine, la fabrication, l&rsquo;utilisation, les avantages et les inconv\u00e9nients du coco pour vous : n&rsquo;h\u00e9sitez pas \u00e0 nous \u00e9crire un mail \u00e0 <a href=\"mailto:info@substrate-consulting.nl\">info@substrate-consulting.nl<\/a><\/p>\n\t\t\t\t\t\t\t\t<\/div>\n\t\t\t\t<\/div>\n\t\t\t\t\t<\/div>\n\t\t<\/div>\n\t\t\t\t\t<\/div>\n\t\t<\/section>\n\t\t\t\t<section class=\"elementor-section elementor-top-section elementor-element elementor-element-6992d6a elementor-section-boxed elementor-section-height-default elementor-section-height-default wpr-particle-no wpr-jarallax-no wpr-parallax-no wpr-sticky-section-no wpr-equal-height-no\" data-id=\"6992d6a\" data-element_type=\"section\" data-e-type=\"section\">\n\t\t\t\t\t\t<div class=\"elementor-container elementor-column-gap-default\">\n\t\t\t\t\t<div class=\"elementor-column elementor-col-100 elementor-top-column elementor-element elementor-element-5443f05\" data-id=\"5443f05\" data-element_type=\"column\" data-e-type=\"column\">\n\t\t\t<div class=\"elementor-widget-wrap elementor-element-populated\">\n\t\t\t\t\t\t<div class=\"elementor-element elementor-element-f591e49 wpr-grid-columns-3 wpr-grid-columns--tablet3 wpr-grid-columns--mobile1 elementor-widget elementor-widget-wpr-media-grid\" data-id=\"f591e49\" data-element_type=\"widget\" data-e-type=\"widget\" data-widget_type=\"wpr-media-grid.default\">\n\t\t\t\t<div class=\"elementor-widget-container\">\n\t\t\t\t\t<section class=\"wpr-grid wpr-media-grid elementor-clearfix\" data-settings=\"{&quot;layout&quot;:&quot;masonry&quot;,&quot;columns_desktop&quot;:&quot;3&quot;,&quot;gutter_hr&quot;:10,&quot;gutter_hr_mobile&quot;:10,&quot;gutter_hr_mobile_extra&quot;:10,&quot;gutter_hr_tablet&quot;:10,&quot;gutter_hr_tablet_extra&quot;:10,&quot;gutter_hr_laptop&quot;:10,&quot;gutter_hr_widescreen&quot;:10,&quot;gutter_vr&quot;:10,&quot;gutter_vr_mobile&quot;:10,&quot;gutter_vr_mobile_extra&quot;:10,&quot;gutter_vr_tablet&quot;:10,&quot;gutter_vr_tablet_extra&quot;:10,&quot;gutter_vr_laptop&quot;:10,&quot;gutter_vr_widescreen&quot;:10,&quot;animation&quot;:&quot;default&quot;,&quot;animation_duration&quot;:0.3,&quot;animation_delay&quot;:0.1,&quot;deeplinking&quot;:&quot;&quot;,&quot;filters_default_filter&quot;:&quot;&quot;,&quot;filters_linkable&quot;:&quot;no&quot;,&quot;filters_count&quot;:&quot;&quot;,&quot;filters_hide_empty&quot;:&quot;no&quot;,&quot;filters_animation&quot;:&quot;default&quot;,&quot;filters_animation_duration&quot;:0.3,&quot;filters_animation_delay&quot;:0.1,&quot;pagination_type&quot;:&quot;load-more&quot;,&quot;pagination_max_pages&quot;:1,&quot;lightbox&quot;:{&quot;selector&quot;:&quot;.wpr-grid-image-wrap&quot;,&quot;iframeMaxWidth&quot;:&quot;60%&quot;,&quot;hash&quot;:false,&quot;autoplay&quot;:&quot;true&quot;,&quot;pause&quot;:5000,&quot;progressBar&quot;:&quot;true&quot;,&quot;counter&quot;:&quot;true&quot;,&quot;controls&quot;:&quot;true&quot;,&quot;getCaptionFromTitleOrAlt&quot;:&quot;true&quot;,&quot;thumbnail&quot;:&quot;&quot;,&quot;showThumbByDefault&quot;:&quot;&quot;,&quot;share&quot;:&quot;&quot;,&quot;zoom&quot;:&quot;true&quot;,&quot;fullScreen&quot;:&quot;true&quot;,&quot;download&quot;:&quot;true&quot;}}\"><article class=\"wpr-grid-item elementor-clearfix post-5361 attachment type-attachment status-inherit hentry\"><div class=\"wpr-grid-item-inner\"><div class=\"wpr-grid-media-wrap wpr-effect-size-small \"><div class=\"wpr-grid-image-wrap\" data-src=\"https:\/\/www.substrate-consulting.com\/wp-content\/uploads\/021020121030-2-scaled.jpg\"><img decoding=\"async\" src=\"https:\/\/www.substrate-consulting.com\/wp-content\/uploads\/021020121030-2-scaled.jpg\" alt=\"Coco\" class=\"wpr-anim-timing-ease-default\"><\/div><div class=\"wpr-grid-media-hover wpr-animation-wrap\"><div class=\"wpr-grid-media-hover-bg  wpr-overlay-fade-in wpr-anim-size-large wpr-anim-timing-ease-default wpr-anim-transparency\" data-url=\"https:\/\/www.substrate-consulting.com\/fr\/021020121030-2\/\"><\/div><div class=\"wpr-cv-container\"><div class=\"wpr-cv-outer\"><div class=\"wpr-cv-inner\"><div class=\"wpr-grid-media-hover-middle elementor-clearfix\"><div class=\"wpr-grid-item-lightbox elementor-repeater-item-704f68d wpr-grid-item-display-block wpr-grid-item-align-center wpr-element-fade-in wpr-anim-size-large wpr-anim-timing-ease-default wpr-anim-transparency\"><div class=\"inner-block\"><span data-src=\"https:\/\/www.substrate-consulting.com\/wp-content\/uploads\/021020121030-2-scaled.jpg\"><i class=\"fas fa-search\"><\/i><\/span><div class=\"wpr-grid-lightbox-overlay\"><\/div><\/div><\/div><\/div><\/div><\/div><\/div><\/div><\/div><\/div><\/article><article class=\"wpr-grid-item elementor-clearfix post-5364 attachment type-attachment status-inherit hentry\"><div class=\"wpr-grid-item-inner\"><div class=\"wpr-grid-media-wrap wpr-effect-size-small \"><div class=\"wpr-grid-image-wrap\" data-src=\"https:\/\/www.substrate-consulting.com\/wp-content\/uploads\/21112011531-2-scaled.jpg\"><img decoding=\"async\" src=\"https:\/\/www.substrate-consulting.com\/wp-content\/uploads\/21112011531-2-scaled.jpg\" alt=\"Coco\" class=\"wpr-anim-timing-ease-default\"><\/div><div class=\"wpr-grid-media-hover wpr-animation-wrap\"><div class=\"wpr-grid-media-hover-bg  wpr-overlay-fade-in wpr-anim-size-large wpr-anim-timing-ease-default wpr-anim-transparency\" data-url=\"https:\/\/www.substrate-consulting.com\/fr\/21112011531-2\/\"><\/div><div class=\"wpr-cv-container\"><div class=\"wpr-cv-outer\"><div class=\"wpr-cv-inner\"><div class=\"wpr-grid-media-hover-middle elementor-clearfix\"><div class=\"wpr-grid-item-lightbox elementor-repeater-item-704f68d wpr-grid-item-display-block wpr-grid-item-align-center wpr-element-fade-in wpr-anim-size-large wpr-anim-timing-ease-default wpr-anim-transparency\"><div class=\"inner-block\"><span data-src=\"https:\/\/www.substrate-consulting.com\/wp-content\/uploads\/21112011531-2-scaled.jpg\"><i class=\"fas fa-search\"><\/i><\/span><div class=\"wpr-grid-lightbox-overlay\"><\/div><\/div><\/div><\/div><\/div><\/div><\/div><\/div><\/div><\/div><\/article><article class=\"wpr-grid-item elementor-clearfix post-5367 attachment type-attachment status-inherit hentry\"><div class=\"wpr-grid-item-inner\"><div class=\"wpr-grid-media-wrap wpr-effect-size-small \"><div class=\"wpr-grid-image-wrap\" data-src=\"https:\/\/www.substrate-consulting.com\/wp-content\/uploads\/21112011538-2-scaled.jpg\"><img decoding=\"async\" src=\"https:\/\/www.substrate-consulting.com\/wp-content\/uploads\/21112011538-2-scaled.jpg\" alt=\"Coco\" class=\"wpr-anim-timing-ease-default\"><\/div><div class=\"wpr-grid-media-hover wpr-animation-wrap\"><div class=\"wpr-grid-media-hover-bg  wpr-overlay-fade-in wpr-anim-size-large wpr-anim-timing-ease-default wpr-anim-transparency\" data-url=\"https:\/\/www.substrate-consulting.com\/fr\/21112011538-2\/\"><\/div><div class=\"wpr-cv-container\"><div class=\"wpr-cv-outer\"><div class=\"wpr-cv-inner\"><div class=\"wpr-grid-media-hover-middle elementor-clearfix\"><div class=\"wpr-grid-item-lightbox elementor-repeater-item-704f68d wpr-grid-item-display-block wpr-grid-item-align-center wpr-element-fade-in wpr-anim-size-large wpr-anim-timing-ease-default wpr-anim-transparency\"><div class=\"inner-block\"><span data-src=\"https:\/\/www.substrate-consulting.com\/wp-content\/uploads\/21112011538-2-scaled.jpg\"><i class=\"fas fa-search\"><\/i><\/span><div class=\"wpr-grid-lightbox-overlay\"><\/div><\/div><\/div><\/div><\/div><\/div><\/div><\/div><\/div><\/div><\/article><article class=\"wpr-grid-item elementor-clearfix post-5373 attachment type-attachment status-inherit hentry\"><div class=\"wpr-grid-item-inner\"><div class=\"wpr-grid-media-wrap wpr-effect-size-small \"><div class=\"wpr-grid-image-wrap\" data-src=\"https:\/\/www.substrate-consulting.com\/wp-content\/uploads\/P1020870-2-scaled.jpg\"><img decoding=\"async\" src=\"https:\/\/www.substrate-consulting.com\/wp-content\/uploads\/P1020870-2-scaled.jpg\" alt=\"Coco\" class=\"wpr-anim-timing-ease-default\"><\/div><div class=\"wpr-grid-media-hover wpr-animation-wrap\"><div class=\"wpr-grid-media-hover-bg  wpr-overlay-fade-in wpr-anim-size-large wpr-anim-timing-ease-default wpr-anim-transparency\" data-url=\"https:\/\/www.substrate-consulting.com\/fr\/p1020870-2\/\"><\/div><div class=\"wpr-cv-container\"><div class=\"wpr-cv-outer\"><div class=\"wpr-cv-inner\"><div class=\"wpr-grid-media-hover-middle elementor-clearfix\"><div class=\"wpr-grid-item-lightbox elementor-repeater-item-704f68d wpr-grid-item-display-block wpr-grid-item-align-center wpr-element-fade-in wpr-anim-size-large wpr-anim-timing-ease-default wpr-anim-transparency\"><div class=\"inner-block\"><span data-src=\"https:\/\/www.substrate-consulting.com\/wp-content\/uploads\/P1020870-2-scaled.jpg\"><i class=\"fas fa-search\"><\/i><\/span><div class=\"wpr-grid-lightbox-overlay\"><\/div><\/div><\/div><\/div><\/div><\/div><\/div><\/div><\/div><\/div><\/article><article class=\"wpr-grid-item elementor-clearfix post-5761 attachment type-attachment status-inherit hentry\"><div class=\"wpr-grid-item-inner\"><div class=\"wpr-grid-media-wrap wpr-effect-size-small \"><div class=\"wpr-grid-image-wrap\" data-src=\"https:\/\/www.substrate-consulting.com\/wp-content\/uploads\/CIMG3298-2-scaled.jpg\"><img decoding=\"async\" src=\"https:\/\/www.substrate-consulting.com\/wp-content\/uploads\/CIMG3298-2-scaled.jpg\" alt=\"CIMG3298\" class=\"wpr-anim-timing-ease-default\"><\/div><div class=\"wpr-grid-media-hover wpr-animation-wrap\"><div class=\"wpr-grid-media-hover-bg  wpr-overlay-fade-in wpr-anim-size-large wpr-anim-timing-ease-default wpr-anim-transparency\" data-url=\"https:\/\/www.substrate-consulting.com\/fr\/cimg3298-2\/\"><\/div><div class=\"wpr-cv-container\"><div class=\"wpr-cv-outer\"><div class=\"wpr-cv-inner\"><div class=\"wpr-grid-media-hover-middle elementor-clearfix\"><div class=\"wpr-grid-item-lightbox elementor-repeater-item-704f68d wpr-grid-item-display-block wpr-grid-item-align-center wpr-element-fade-in wpr-anim-size-large wpr-anim-timing-ease-default wpr-anim-transparency\"><div class=\"inner-block\"><span data-src=\"https:\/\/www.substrate-consulting.com\/wp-content\/uploads\/CIMG3298-2-scaled.jpg\"><i class=\"fas fa-search\"><\/i><\/span><div class=\"wpr-grid-lightbox-overlay\"><\/div><\/div><\/div><\/div><\/div><\/div><\/div><\/div><\/div><\/div><\/article><article class=\"wpr-grid-item elementor-clearfix post-5370 attachment type-attachment status-inherit hentry\"><div class=\"wpr-grid-item-inner\"><div class=\"wpr-grid-media-wrap wpr-effect-size-small \"><div class=\"wpr-grid-image-wrap\" data-src=\"https:\/\/www.substrate-consulting.com\/wp-content\/uploads\/221120121108-2-scaled.jpg\"><img decoding=\"async\" src=\"https:\/\/www.substrate-consulting.com\/wp-content\/uploads\/221120121108-2-scaled.jpg\" alt=\"Coco\" class=\"wpr-anim-timing-ease-default\"><\/div><div class=\"wpr-grid-media-hover wpr-animation-wrap\"><div class=\"wpr-grid-media-hover-bg  wpr-overlay-fade-in wpr-anim-size-large wpr-anim-timing-ease-default wpr-anim-transparency\" data-url=\"https:\/\/www.substrate-consulting.com\/fr\/quest-ce-quune-bonne-structure-pour-un-substrat\/221120121108-2\/\"><\/div><div class=\"wpr-cv-container\"><div class=\"wpr-cv-outer\"><div class=\"wpr-cv-inner\"><div class=\"wpr-grid-media-hover-middle elementor-clearfix\"><div class=\"wpr-grid-item-lightbox elementor-repeater-item-704f68d wpr-grid-item-display-block wpr-grid-item-align-center wpr-element-fade-in wpr-anim-size-large wpr-anim-timing-ease-default wpr-anim-transparency\"><div class=\"inner-block\"><span data-src=\"https:\/\/www.substrate-consulting.com\/wp-content\/uploads\/221120121108-2-scaled.jpg\"><i class=\"fas fa-search\"><\/i><\/span><div class=\"wpr-grid-lightbox-overlay\"><\/div><\/div><\/div><\/div><\/div><\/div><\/div><\/div><\/div><\/div><\/article><\/section>\t\t\t\t<\/div>\n\t\t\t\t<\/div>\n\t\t\t\t\t<\/div>\n\t\t<\/div>\n\t\t\t\t\t<\/div>\n\t\t<\/section>\n\t\t\t\t<section class=\"elementor-section elementor-top-section elementor-element elementor-element-e5327df elementor-section-boxed elementor-section-height-default elementor-section-height-default wpr-particle-no wpr-jarallax-no wpr-parallax-no wpr-sticky-section-no wpr-equal-height-no\" data-id=\"e5327df\" data-element_type=\"section\" data-e-type=\"section\">\n\t\t\t\t\t\t<div class=\"elementor-container elementor-column-gap-default\">\n\t\t\t\t\t<div class=\"elementor-column elementor-col-50 elementor-top-column elementor-element elementor-element-48c771e\" data-id=\"48c771e\" data-element_type=\"column\" data-e-type=\"column\">\n\t\t\t<div class=\"elementor-widget-wrap elementor-element-populated\">\n\t\t\t\t\t\t<div class=\"elementor-element elementor-element-9b1d3a6 elementor-align-left elementor-widget elementor-widget-button\" data-id=\"9b1d3a6\" data-element_type=\"widget\" data-e-type=\"widget\" data-widget_type=\"button.default\">\n\t\t\t\t<div class=\"elementor-widget-container\">\n\t\t\t\t\t\t\t\t\t<div class=\"elementor-button-wrapper\">\n\t\t\t\t\t<a class=\"elementor-button elementor-button-link elementor-size-sm\" href=\"https:\/\/www.substrate-consulting.com\/fr\/page-de-garde\/compost\/\">\n\t\t\t\t\t\t<span class=\"elementor-button-content-wrapper\">\n\t\t\t\t\t\t<span class=\"elementor-button-icon\">\n\t\t\t\t<i aria-hidden=\"true\" class=\"fas fa-angle-left\"><\/i>\t\t\t<\/span>\n\t\t\t\t\t\t\t\t\t<span class=\"elementor-button-text\">Compost<\/span>\n\t\t\t\t\t<\/span>\n\t\t\t\t\t<\/a>\n\t\t\t\t<\/div>\n\t\t\t\t\t\t\t\t<\/div>\n\t\t\t\t<\/div>\n\t\t\t\t\t<\/div>\n\t\t<\/div>\n\t\t\t\t<div class=\"elementor-column elementor-col-50 elementor-top-column elementor-element elementor-element-e2b81a6\" data-id=\"e2b81a6\" data-element_type=\"column\" data-e-type=\"column\">\n\t\t\t<div class=\"elementor-widget-wrap elementor-element-populated\">\n\t\t\t\t\t\t<div class=\"elementor-element elementor-element-50e8fe5 elementor-align-right elementor-widget elementor-widget-button\" data-id=\"50e8fe5\" data-element_type=\"widget\" data-e-type=\"widget\" data-widget_type=\"button.default\">\n\t\t\t\t<div class=\"elementor-widget-container\">\n\t\t\t\t\t\t\t\t\t<div class=\"elementor-button-wrapper\">\n\t\t\t\t\t<a class=\"elementor-button elementor-button-link elementor-size-sm\" href=\"https:\/\/www.substrate-consulting.com\/fr\/page-de-garde\/agent-mouillant\/\">\n\t\t\t\t\t\t<span class=\"elementor-button-content-wrapper\">\n\t\t\t\t\t\t<span class=\"elementor-button-icon\">\n\t\t\t\t<i aria-hidden=\"true\" class=\"fas fa-angle-right\"><\/i>\t\t\t<\/span>\n\t\t\t\t\t\t\t\t\t<span class=\"elementor-button-text\">Agent mouillant<\/span>\n\t\t\t\t\t<\/span>\n\t\t\t\t\t<\/a>\n\t\t\t\t<\/div>\n\t\t\t\t\t\t\t\t<\/div>\n\t\t\t\t<\/div>\n\t\t\t\t\t<\/div>\n\t\t<\/div>\n\t\t\t\t\t<\/div>\n\t\t<\/section>\n\t\t\t\t<\/div>\n\t\t","protected":false},"excerpt":{"rendered":"<p>Les produits de la coque de la noix de coco sont utilis\u00e9s depuis de nombreuses ann\u00e9es dans l&rsquo;industrie des substrats.Dans de nombreux pays, il existe un march\u00e9 pour la fibre de coco (utilis\u00e9e dans les matelas, les cordes, les filtres, etc.) et apr\u00e8s la production des fibres, le reste du produit convient.L\u00e0 o\u00f9 c&rsquo;\u00e9tait un d\u00e9chet dans le pass\u00e9, nous l&rsquo;utilisons aujourd&rsquo;hui en gros volumes pour faire pousser nos plantes.En plus de s\u00e9parer la fibre et le fin, nous pouvons \u00e9galement couper le bourre en petits morceaux pour obtenir un mat\u00e9riau de base comme des chips. Dans les bourres, on trouve g\u00e9n\u00e9ralement une CE \u00e9lev\u00e9e, contenant principalement du sodium, du potassium et du chlorure.Le lavage du coco est donc indispensable s&rsquo;il sera utilis\u00e9 comme substrat.Pour les cultures plus sensibles, le sodium et le potassium qui se trouvent sur le complexe doivent \u00e9galement \u00eatre \u00e9chang\u00e9s par des min\u00e9raux comme le calcium ou le magn\u00e9sium et ensuite lav\u00e9s. Ceci n&rsquo;est qu&rsquo;une br\u00e8ve explication. Si vous voulez en savoir plus sur l&rsquo;origine, la fabrication, l&rsquo;utilisation, les avantages et les inconv\u00e9nients du coco pour vous : n&rsquo;h\u00e9sitez pas \u00e0 nous \u00e9crire un mail \u00e0 info@substrate-consulting.nl Compost Agent mouillant<\/p>\n","protected":false},"author":1,"featured_media":4608,"parent":4876,"menu_order":21,"comment_status":"closed","ping_status":"closed","template":"templates\/page-fullwidth_template.php","meta":{"footnotes":""},"class_list":["post-4733","page","type-page","status-publish","has-post-thumbnail","hentry"],"_links":{"self":[{"href":"https:\/\/www.substrate-consulting.com\/fr\/wp-json\/wp\/v2\/pages\/4733","targetHints":{"allow":["GET"]}}],"collection":[{"href":"https:\/\/www.substrate-consulting.com\/fr\/wp-json\/wp\/v2\/pages"}],"about":[{"href":"https:\/\/www.substrate-consulting.com\/fr\/wp-json\/wp\/v2\/types\/page"}],"author":[{"embeddable":true,"href":"https:\/\/www.substrate-consulting.com\/fr\/wp-json\/wp\/v2\/users\/1"}],"replies":[{"embeddable":true,"href":"https:\/\/www.substrate-consulting.com\/fr\/wp-json\/wp\/v2\/comments?post=4733"}],"version-history":[{"count":31,"href":"https:\/\/www.substrate-consulting.com\/fr\/wp-json\/wp\/v2\/pages\/4733\/revisions"}],"predecessor-version":[{"id":6203,"href":"https:\/\/www.substrate-consulting.com\/fr\/wp-json\/wp\/v2\/pages\/4733\/revisions\/6203"}],"up":[{"embeddable":true,"href":"https:\/\/www.substrate-consulting.com\/fr\/wp-json\/wp\/v2\/pages\/4876"}],"wp:featuredmedia":[{"embeddable":true,"href":"https:\/\/www.substrate-consulting.com\/fr\/wp-json\/wp\/v2\/media\/4608"}],"wp:attachment":[{"href":"https:\/\/www.substrate-consulting.com\/fr\/wp-json\/wp\/v2\/media?parent=4733"}],"curies":[{"name":"wp","href":"https:\/\/api.w.org\/{rel}","templated":true}]}}